{"id":53327,"date":"2021-01-14T05:51:39","date_gmt":"2021-01-14T12:51:39","guid":{"rendered":"https:\/\/help.foosales.com\/?page_id=53327"},"modified":"2024-12-04T20:41:50","modified_gmt":"2024-12-05T03:41:50","slug":"upozorneni-na-funkce","status":"publish","type":"page","link":"https:\/\/help.foosales.com\/cs\/contact\/feature-notifications\/","title":{"rendered":"Ozn\u00e1men\u00ed o funkc\u00edch"},"content":{"rendered":"<div data-elementor-type=\"wp-page\" data-elementor-id=\"53327\" class=\"elementor elementor-53327\">\n\t\t\t\t\t\t<section class=\"elementor-section elementor-top-section elementor-element elementor-element-6f2a0db1 elementor-section-boxed elementor-section-height-default elementor-section-height-default\" data-id=\"6f2a0db1\" data-element_type=\"section\" data-e-type=\"section\">\n\t\t\t\t\t\t<div class=\"elementor-container elementor-column-gap-default\">\n\t\t\t\t\t<div class=\"elementor-column elementor-col-16 elementor-top-column elementor-element elementor-element-73bc489a\" data-id=\"73bc489a\" data-element_type=\"column\" data-e-type=\"column\">\n\t\t\t<div class=\"elementor-widget-wrap\">\n\t\t\t\t\t\t\t<\/div>\n\t\t<\/div>\n\t\t\t\t<div class=\"elementor-column elementor-col-66 elementor-top-column elementor-element elementor-element-4e4ab755\" data-id=\"4e4ab755\" data-element_type=\"column\" data-e-type=\"column\">\n\t\t\t<div class=\"elementor-widget-wrap elementor-element-populated\">\n\t\t\t\t\t\t<div class=\"elementor-element elementor-element-475cfe87 elementor-widget elementor-widget-heading\" data-id=\"475cfe87\" data-element_type=\"widget\" data-e-type=\"widget\" data-widget_type=\"heading.default\">\n\t\t\t\t<div class=\"elementor-widget-container\">\n\t\t\t\t\t<h2 class=\"elementor-heading-title elementor-size-xxl\">Ozn\u00e1men\u00ed o funkc\u00edch<\/h2>\t\t\t\t<\/div>\n\t\t\t\t<\/div>\n\t\t\t\t<div class=\"elementor-element elementor-element-1bba5e34 elementor-widget elementor-widget-heading\" data-id=\"1bba5e34\" data-element_type=\"widget\" data-e-type=\"widget\" data-widget_type=\"heading.default\">\n\t\t\t\t<div class=\"elementor-widget-container\">\n\t\t\t\t\t<h3 class=\"elementor-heading-title elementor-size-default\">Jakmile spust\u00edme funkce, kter\u00e9 v\u00e1s zaj\u00edmaj\u00ed, budete o tom informov\u00e1ni. Zadejte sv\u00e9 \u00fadaje a my v\u00e1m za\u0161leme e-mail, jakmile bude funkce k dispozici.<\/h3>\t\t\t\t<\/div>\n\t\t\t\t<\/div>\n\t\t\t\t<div class=\"elementor-element elementor-element-4fc8fbd elementor-widget elementor-widget-text-editor\" data-id=\"4fc8fbd\" data-element_type=\"widget\" data-e-type=\"widget\" data-widget_type=\"text-editor.default\">\n\t\t\t\t<div class=\"elementor-widget-container\">\n\t\t\t\t\t\t\t\t\t<p><span style=\"font-size: 15px; font-style: normal; font-weight: 400;\">N\u00ed\u017ee uveden\u00e9 funkce vych\u00e1zej\u00ed z r\u016fzn\u00fdch intern\u00edch n\u00e1vrh\u016f a n\u00e1vrh\u016f z\u00e1kazn\u00edk\u016f. Ka\u017ed\u00e1 funkce je p\u0159ezkoum\u00e1na a posouzena z hlediska z\u00e1jmu, u\u017eite\u010dnosti, technick\u00e9 proveditelnosti a dostupn\u00fdch zdroj\u016f. V z\u00e1vislosti na tomto pr\u016fb\u011b\u017en\u00e9m procesu p\u0159ezkoum\u00e1v\u00e1n\u00ed funkc\u00ed nen\u00ed zaru\u010deno, \u017ee budou implementov\u00e1ny v\u0161echny funkce.<\/span><\/p>\t\t\t\t\t\t\t\t<\/div>\n\t\t\t\t<\/div>\n\t\t\t\t<div class=\"elementor-element elementor-element-66941b39 elementor-widget elementor-widget-void-section-cf7\" data-id=\"66941b39\" data-element_type=\"widget\" data-e-type=\"widget\" data-widget_type=\"void-section-cf7.default\">\n\t\t\t\t<div class=\"elementor-widget-container\">\n\t\t\t\t\t<div class=\"void-cf7-form-widget-wrapper elementor-shortcode void-cf7-0\" data-void-cf7-contact-form-id=\"22866\">\n<div class=\"wpcf7 no-js\" id=\"wpcf7-f22866-o1\" lang=\"en-US\" dir=\"ltr\" data-wpcf7-id=\"22866\">\n<div class=\"screen-reader-response\"><p role=\"status\" aria-live=\"polite\" aria-atomic=\"true\"><\/p> <ul><\/ul><\/div>\n<form action=\"\/cs\/wp-json\/wp\/v2\/pages\/53327#wpcf7-f22866-o1\" method=\"post\" class=\"wpcf7-form init\" aria-label=\"Kontaktn\u00ed formul\u00e1\u0159\" novalidate=\"novalidate\" data-status=\"init\" data-trp-original-action=\"\/cs\/wp-json\/wp\/v2\/pages\/53327#wpcf7-f22866-o1\">\n<fieldset class=\"hidden-fields-container\"><input type=\"hidden\" name=\"_wpcf7\" value=\"22866\" \/><input type=\"hidden\" name=\"_wpcf7_version\" value=\"6.1.5\" \/><input type=\"hidden\" name=\"_wpcf7_locale\" value=\"en_US\" \/><input type=\"hidden\" name=\"_wpcf7_unit_tag\" value=\"wpcf7-f22866-o1\" \/><input type=\"hidden\" name=\"_wpcf7_container_post\" value=\"0\" \/><input type=\"hidden\" name=\"_wpcf7_posted_data_hash\" value=\"\" \/>\n<\/fieldset>\n<p><span class=\"wpcf7-form-control-wrap\" data-name=\"your-name\"><input size=\"40\" maxlength=\"400\" class=\"wpcf7-form-control wpcf7-text wpcf7-validates-as-required\" aria-required=\"true\" aria-invalid=\"false\" placeholder=\"Cel\u00e9 jm\u00e9no *\" value=\"\" type=\"text\" name=\"your-name\" \/><\/span>\n<\/p>\n<p><span class=\"wpcf7-form-control-wrap\" data-name=\"your-email\"><input size=\"40\" maxlength=\"400\" class=\"wpcf7-form-control wpcf7-email wpcf7-validates-as-required wpcf7-text wpcf7-validates-as-email\" aria-required=\"true\" aria-invalid=\"false\" placeholder=\"E-mailov\u00e1 adresa *\" value=\"\" type=\"email\" name=\"your-email\" \/><\/span>\n<\/p>\n<p><span class=\"wpcf7-form-control-wrap\" data-name=\"feature_fs\"><select class=\"wpcf7-form-control wpcf7-select\" aria-invalid=\"false\" name=\"feature_fs\"><option value=\"\">Vyberte funkci:<\/option><option value=\"-- WooCommerce Brands Support\">-- Podpora zna\u010dek WooCommerce<\/option><option value=\"-- Technical safety device (TSE) support (Germany)\">-- Podpora technick\u00fdch bezpe\u010dnostn\u00edch za\u0159\u00edzen\u00ed (TSE) (N\u011bmecko)<\/option><option value=\"-- Daily cash float facility\">-- Denn\u00ed hotovostn\u00ed facilita<\/option><option value=\"-- Display additional order information\">-- Zobrazen\u00ed dal\u0161\u00edch informac\u00ed o objedn\u00e1vce<\/option><option value=\"-- Order popup alert\">-- Upozorn\u011bn\u00ed na vyskakovac\u00ed okno objedn\u00e1vky<\/option><option value=\"-- Custom Invoices QR codes\">-- Vlastn\u00ed faktury QR k\u00f3dy<\/option><option value=\"-- Customize cart product prices\">-- P\u0159izp\u016fsoben\u00ed cen produkt\u016f v ko\u0161\u00edku<\/option><option value=\"-- Additional EPSON printer support\">-- Dal\u0161\u00ed podpora tisk\u00e1rny EPSON<\/option><option value=\"-- Product management\">-- Spr\u00e1va produkt\u016f<\/option><option value=\"-- Store location management\">-- Spr\u00e1va um\u00edst\u011bn\u00ed obchodu<\/option><option value=\"-- POS only products\">-- pouze produkty POS<\/option><option value=\"-- Add products through POS\">-- P\u0159id\u00e1v\u00e1n\u00ed produkt\u016f prost\u0159ednictv\u00edm POS<\/option><option value=\"-- Order level discounts\">-- Slevy na \u00farovni objedn\u00e1vky<\/option><option value=\"-- Custom Branding - Logo and colors\">-- Vlastn\u00ed zna\u010dka - logo a barvy<\/option><option value=\"-- Edit orders\">-- Upravit objedn\u00e1vky<\/option><option value=\"-- Order status management (in progress, shipped, ready)\">Spr\u00e1va stavu objedn\u00e1vky (prob\u00edh\u00e1, odesl\u00e1no, p\u0159ipraveno)<\/option><option value=\"-- Order status filter\">-- Filtr stavu objedn\u00e1vky<\/option><option value=\"-- Customer order history\">-- Historie objedn\u00e1vek z\u00e1kazn\u00edk\u016f<\/option><option value=\"-- Authentication via device code\">-- Ov\u011b\u0159ov\u00e1n\u00ed pomoc\u00ed k\u00f3du za\u0159\u00edzen\u00ed<\/option><option value=\"-- Advanced FooEvents integration (ticket printing, seat selection and booking slots)\">Pokro\u010dil\u00e1 integrace FooEvents (tisk j\u00edzdenek, v\u00fdb\u011br m\u00edst a rezervace slot\u016f)<\/option><option value=\"-- Backorder support\">-- Podpora zp\u011btn\u00fdch objedn\u00e1vek<\/option><option value=\"-- Split payments\">-- Rozd\u011blen\u00e9 platby<\/option><option value=\"-- Order Barcodes\">-- Objednat \u010d\u00e1rov\u00e9 k\u00f3dy<\/option><option value=\"-- PayPal Here integration\">-- Integrace slu\u017eby PayPal Here<\/option><option value=\"-- Zettle integration\">-- integrace se spole\u010dnost\u00ed Zettle<\/option><option value=\"-- Mollie integration\">-- Mollie integration<\/option><option value=\"-- SumUp integration\">-- integrace slu\u017eby SumUp<\/option><option value=\"-- Barcode printing\">-- Tisk \u010d\u00e1rov\u00fdch k\u00f3d\u016f<\/option><option value=\"-- Set App default tax rate\">-- Nastaven\u00ed v\u00fdchoz\u00ed sazby dan\u011b aplikace<\/option><option value=\"-- Add custom fields on checkout\">-- P\u0159id\u00e1n\u00ed vlastn\u00edch pol\u00ed na pokladn\u011b<\/option><option value=\"-- Add tip\/gratuity on checkout\">-- P\u0159idat spropitn\u00e9\/d\u011bkovn\u00e9 p\u0159i placen\u00ed<\/option><option value=\"-- Different prices for POS products\">-- R\u016fzn\u00e9 ceny produkt\u016f POS<\/option><option value=\"-- Stock location management\">-- Spr\u00e1va um\u00edst\u011bn\u00ed z\u00e1sob<\/option><option value=\"-- Teller user management\">-- Spr\u00e1va u\u017eivatel\u016f pokladny<\/option><option value=\"-- Self Checkout\">-- samoobslu\u017en\u00e1 pokladna<\/option><option value=\"-- Manage product prices and stock quantities\">-- Spr\u00e1va cen produkt\u016f a skladov\u00fdch z\u00e1sob<\/option><option value=\"-- AutomateWoo\">-- AutomateWoo<\/option><option value=\"-- WooCommerce Product Vendors\">-- Prodejci produkt\u016f WooCommerce<\/option><option value=\"-- WooCommerce Product Add-ons\">-- WooCommerce Dopl\u0148ky produktu<\/option><option value=\"-- Support for WooCommerce Product Add-ons on iPad and Android Tablet\">-- Podpora dopl\u0148k\u016f produktu WooCommerce na iPadu a tabletu se syst\u00e9mem Android<\/option><option value=\"-- WooCommerce Points and Rewards\">-- WooCommerce Body a odm\u011bny<\/option><option value=\"-- WooCommerce Subscriptions\">-- P\u0159edplatn\u00e9 WooCommerce<\/option><option value=\"-- WooCommerce Deposits\">-- Vklady WooCommerce<\/option><option value=\"-- WooCommerce Store Credit\">-- Kredit do obchodu WooCommerce<\/option><option value=\"-- WooCommerce Product Bundles\">-- Sady produkt\u016f WooCommerce<\/option><option value=\"-- WooCommerce Memberships\">-- \u010dlenstv\u00ed WooCommerce<\/option><option value=\"-- WooCommerce Bookings\">-- Rezervace WooCommerce<\/option><option value=\"-- WooCommerce Points and Rewards\">-- WooCommerce Body a odm\u011bny<\/option><option value=\"-- WooCommerce Cost of Goods\">-- WooCommerce N\u00e1klady na zbo\u017e\u00ed<\/option><option value=\"-- WooCommerce Smart Coupons\">-- Chytr\u00e9 kup\u00f3ny WooCommerce<\/option><option value=\"-- WooCommerce PDF Vouchers\">-- Pouk\u00e1zky WooCommerce ve form\u00e1tu PDF<\/option><option value=\"-- WooCommerce Payments\">-- Platby WooCommerce<\/option><option value=\"-- WooCommerce Gift Cards\">-- D\u00e1rkov\u00e9 karty WooCommerce<\/option><option value=\"-- Donation For WooCommerce\">-- p\u0159\u00edsp\u011bvek pro WooCommerce<\/option><option value=\"-- WCFM Marketplace\">-- WCFM Marketplace<\/option><option value=\"-- WC Marketplace\">-- WC Marketplace<\/option><option value=\"-- Cost of Goods for WooCommerce\">-- N\u00e1klady na zbo\u017e\u00ed pro WooCommerce<\/option><option value=\"-- Discount Rules for WooCommerce\">-- Pravidla slev pro WooCommerce<\/option><option value=\"-- Mailchimp for WooCommerce\">-- Mailchimp pro WooCommerce<\/option><option value=\"-- Dynamic Pricing\">-- Dynamick\u00e9 ur\u010dov\u00e1n\u00ed cen<\/option><option value=\"-- Checkout field editor\">-- Editor pokladn\u00edch pol\u00ed<\/option><option value=\"-- Shipment Tracking\">-- Sledov\u00e1n\u00ed z\u00e1silek<\/option><option value=\"-- Booster Pro for WooCommerce\">-- Booster Pro pro WooCommerce<\/option><option value=\"-- Groups Plugin\">-- Z\u00e1suvn\u00fd modul Skupiny<\/option><option value=\"-- Integrate with Composite Products\">-- integrace s kompozitn\u00edmi produkty<\/option><option value=\"-- Integrate with Xero accounting program\">-- Integrace s \u00fa\u010detn\u00edm programem Xero<\/option><option value=\"-- Product GTIN (EAN, UPC, ISBN) for WooCommerce\">-- GTIN produktu (EAN, UPC, ISBN) pro WooCommerce<\/option><option value=\"-- Product exchanges\">-- V\u00fdm\u011bny produkt\u016f<\/option><option value=\"-- Chinese language support\">-- podpora \u010d\u00edn\u0161tiny<\/option><option value=\"-- Receipt template customization\">-- P\u0159izp\u016fsoben\u00ed \u0161ablony \u00fa\u010dtenky<\/option><option value=\"-- Guest order email receipt\">-- e-mailov\u00e9 potvrzen\u00ed o objedn\u00e1vce hosta<\/option><option value=\"-- Scan customer store card\">-- naskenujte kartu z\u00e1kazn\u00edka<\/option><option value=\"-- Stripe MOTO payments\">-- Stripe MOTO platby<\/option><option value=\"-- FooSales iPhone app (iOS)\">-- aplikace FooSales pro iPhone (iOS)<\/option><option value=\"-- FooSales Phone app (Android)\">-- aplikace FooSales pro telefon (Android)<\/option><option value=\"-- Star Micronics cash drawer integration\">-- Integrace pokladn\u00ed z\u00e1suvky Star Micronics<\/option><option value=\"-- NF525 Compliance\">-- Soulad s NF525<\/option><\/select><\/span>\n<\/p>\n<p><span class=\"wpcf7-form-control-wrap\" data-name=\"your-consent\"><span class=\"wpcf7-form-control wpcf7-acceptance\"><span class=\"wpcf7-list-item\"><label><input type=\"checkbox\" name=\"your-consent\" value=\"1\" aria-invalid=\"false\" \/><span class=\"wpcf7-list-item-label\">Souhlas\u00edm se zas\u00edl\u00e1n\u00edm ozn\u00e1men\u00ed o funkc\u00edch a p\u0159ij\u00edm\u00e1m <a href=\"https:\/\/www.foosales.com\/privacy-statement-us?cmplz_region_redirect=true\" title=\"FooSales Prohl\u00e1\u0161en\u00ed o ochran\u011b osobn\u00edch \u00fadaj\u016f\" target=\"_blank\" rel=\"noopener\">FooSales Prohl\u00e1\u0161en\u00ed o ochran\u011b osobn\u00edch \u00fadaj\u016f<\/a>.<\/span><\/label><\/span><\/span><\/span>\n<\/p>\n<p><input class=\"wpcf7-form-control wpcf7-submit has-spinner\" type=\"submit\" value=\"Odeslat\" \/>\n<\/p><div class=\"wpcf7-response-output\" aria-hidden=\"true\"><\/div>\n<input type=\"hidden\" name=\"trp-form-language\" value=\"cs\"\/><\/form>\n<\/div>\n<\/div> \t\t\t<script>\r\n \t\t\t        var theform = document.querySelector('.void-cf7-0');\r\n\t\t\t\t\t\ttheform.addEventListener( 'wpcf7mailsent', function( event ) {\r\n\t\t\t\t\t    location = 'https:\/\/help.foosales.com\/cs\/contact\/feature-notifications\/';\r\n\t\t\t\t\t}, false );\r\n\t\t\t<\/script>\r\n\r\n\t\t\t\t\t\t<\/div>\n\t\t\t\t<\/div>\n\t\t\t\t<div class=\"elementor-element elementor-element-b5ddd46 elementor-widget elementor-widget-text-editor\" data-id=\"b5ddd46\" data-element_type=\"widget\" data-e-type=\"widget\" data-widget_type=\"text-editor.default\">\n\t\t\t\t<div class=\"elementor-widget-container\">\n\t\t\t\t\t\t\t\t\tJako marketingovou platformu pou\u017e\u00edv\u00e1me Brevo. Odesl\u00e1n\u00edm tohoto formul\u00e1\u0159e souhlas\u00edte s t\u00edm, \u017ee v\u00e1mi poskytnut\u00e9 osobn\u00ed \u00fadaje budou p\u0159ed\u00e1ny spole\u010dnosti Brevo ke zpracov\u00e1n\u00ed v souladu se z\u00e1konem o ochran\u011b osobn\u00edch \u00fadaj\u016f. <a href=\"https:\/\/www.brevo.com\/en\/legal\/privacypolicy\/\" target=\"_blank\" rel=\"noopener nofollow\">Z\u00e1sady ochrany osobn\u00edch \u00fadaj\u016f spole\u010dnosti Brevo.<\/a>\t\t\t\t\t\t\t\t<\/div>\n\t\t\t\t<\/div>\n\t\t\t\t\t<\/div>\n\t\t<\/div>\n\t\t\t\t<div class=\"elementor-column elementor-col-16 elementor-top-column elementor-element elementor-element-5a2335d9\" data-id=\"5a2335d9\" data-element_type=\"column\" data-e-type=\"column\">\n\t\t\t<div class=\"elementor-widget-wrap\">\n\t\t\t\t\t\t\t<\/div>\n\t\t<\/div>\n\t\t\t\t\t<\/div>\n\t\t<\/section>\n\t\t\t\t<\/div>","protected":false},"excerpt":{"rendered":"<p>Feature Notifications Get notified as soon as we launch features you are interested in. Enter your details and we will send you an email when the feature is available. The features listed below are based on various internal and customer submitted suggestions. Each feature is reviewed and assessed in terms of interest, usefulness, technical feasibility [&hellip;]<\/p>\n","protected":false},"author":1,"featured_media":0,"parent":53342,"menu_order":0,"comment_status":"closed","ping_status":"closed","template":"elementor_header_footer","meta":{"site-sidebar-layout":"no-sidebar","site-content-layout":"page-builder","ast-site-content-layout":"default","site-content-style":"default","site-sidebar-style":"default","ast-global-header-display":"","ast-banner-title-visibility":"","ast-main-header-display":"","ast-hfb-above-header-display":"","ast-hfb-below-header-display":"","ast-hfb-mobile-header-display":"","site-post-title":"disabled","ast-breadcrumbs-content":"","ast-featured-img":"disabled","footer-sml-layout":"","ast-disable-related-posts":"","theme-transparent-header-meta":"default","adv-header-id-meta":"","stick-header-meta":"default","header-above-stick-meta":"","header-main-stick-meta":"","header-below-stick-meta":"","astra-migrate-meta-layouts":"default","ast-page-background-enabled":"default","ast-page-background-meta":{"desktop":{"background-color":"","background-image":"","background-repeat":"repeat","background-position":"center center","background-size":"auto","background-attachment":"scroll","background-type":"","background-media":"","overlay-type":"","overlay-color":"","overlay-opacity":"","overlay-gradient":""},"tablet":{"background-color":"","background-image":"","background-repeat":"repeat","background-position":"center center","background-size":"auto","background-attachment":"scroll","background-type":"","background-media":"","overlay-type":"","overlay-color":"","overlay-opacity":"","overlay-gradient":""},"mobile":{"background-color":"","background-image":"","background-repeat":"repeat","background-position":"center center","background-size":"auto","background-attachment":"scroll","background-type":"","background-media":"","overlay-type":"","overlay-color":"","overlay-opacity":"","overlay-gradient":""}},"ast-content-background-meta":{"desktop":{"background-color":"var(--ast-global-color-5)","background-image":"","background-repeat":"repeat","background-position":"center center","background-size":"auto","background-attachment":"scroll","background-type":"","background-media":"","overlay-type":"","overlay-color":"","overlay-opacity":"","overlay-gradient":""},"tablet":{"background-color":"var(--ast-global-color-5)","background-image":"","background-repeat":"repeat","background-position":"center center","background-size":"auto","background-attachment":"scroll","background-type":"","background-media":"","overlay-type":"","overlay-color":"","overlay-opacity":"","overlay-gradient":""},"mobile":{"background-color":"var(--ast-global-color-5)","background-image":"","background-repeat":"repeat","background-position":"center center","background-size":"auto","background-attachment":"scroll","background-type":"","background-media":"","overlay-type":"","overlay-color":"","overlay-opacity":"","overlay-gradient":""}},"footnotes":""},"class_list":["post-53327","page","type-page","status-publish","hentry"],"featured_image_src":null,"featured_image_src_square":null,"_links":{"self":[{"href":"https:\/\/help.foosales.com\/cs\/wp-json\/wp\/v2\/pages\/53327","targetHints":{"allow":["GET"]}}],"collection":[{"href":"https:\/\/help.foosales.com\/cs\/wp-json\/wp\/v2\/pages"}],"about":[{"href":"https:\/\/help.foosales.com\/cs\/wp-json\/wp\/v2\/types\/page"}],"author":[{"embeddable":true,"href":"https:\/\/help.foosales.com\/cs\/wp-json\/wp\/v2\/users\/1"}],"replies":[{"embeddable":true,"href":"https:\/\/help.foosales.com\/cs\/wp-json\/wp\/v2\/comments?post=53327"}],"version-history":[{"count":1,"href":"https:\/\/help.foosales.com\/cs\/wp-json\/wp\/v2\/pages\/53327\/revisions"}],"predecessor-version":[{"id":55963,"href":"https:\/\/help.foosales.com\/cs\/wp-json\/wp\/v2\/pages\/53327\/revisions\/55963"}],"up":[{"embeddable":true,"href":"https:\/\/help.foosales.com\/cs\/wp-json\/wp\/v2\/pages\/53342"}],"wp:attachment":[{"href":"https:\/\/help.foosales.com\/cs\/wp-json\/wp\/v2\/media?parent=53327"}],"curies":[{"name":"wp","href":"https:\/\/api.w.org\/{rel}","templated":true}]}}