{"id":53330,"date":"2021-01-14T05:51:32","date_gmt":"2021-01-14T12:51:32","guid":{"rendered":"https:\/\/help.foosales.com\/?page_id=53330"},"modified":"2021-01-14T06:28:50","modified_gmt":"2021-01-14T13:28:50","slug":"zadost-o-slevu-npo","status":"publish","type":"page","link":"https:\/\/help.foosales.com\/cs\/contact\/npo-discount-application\/","title":{"rendered":"Po\u017e\u00e1dejte o slevu pro neziskov\u00e9 organizace"},"content":{"rendered":"<div data-elementor-type=\"wp-page\" data-elementor-id=\"53330\" class=\"elementor elementor-53330\">\n\t\t\t\t\t\t<section class=\"elementor-section elementor-top-section elementor-element elementor-element-65b786d6 elementor-section-boxed elementor-section-height-default elementor-section-height-default\" data-id=\"65b786d6\" data-element_type=\"section\" data-e-type=\"section\">\n\t\t\t\t\t\t<div class=\"elementor-container elementor-column-gap-default\">\n\t\t\t\t\t<div class=\"elementor-column elementor-col-16 elementor-top-column elementor-element elementor-element-75bc9cd\" data-id=\"75bc9cd\" data-element_type=\"column\" data-e-type=\"column\">\n\t\t\t<div class=\"elementor-widget-wrap\">\n\t\t\t\t\t\t\t<\/div>\n\t\t<\/div>\n\t\t\t\t<div class=\"elementor-column elementor-col-66 elementor-top-column elementor-element elementor-element-78db7775\" data-id=\"78db7775\" data-element_type=\"column\" data-e-type=\"column\">\n\t\t\t<div class=\"elementor-widget-wrap elementor-element-populated\">\n\t\t\t\t\t\t<div class=\"elementor-element elementor-element-608e2d1a elementor-widget elementor-widget-heading\" data-id=\"608e2d1a\" data-element_type=\"widget\" data-e-type=\"widget\" data-widget_type=\"heading.default\">\n\t\t\t\t<div class=\"elementor-widget-container\">\n\t\t\t\t\t<h2 class=\"elementor-heading-title elementor-size-xxl\">Po\u017e\u00e1dejte o slevu pro neziskov\u00e9 organizace<\/h2>\t\t\t\t<\/div>\n\t\t\t\t<\/div>\n\t\t\t\t<div class=\"elementor-element elementor-element-35f8178 elementor-widget elementor-widget-heading\" data-id=\"35f8178\" data-element_type=\"widget\" data-e-type=\"widget\" data-widget_type=\"heading.default\">\n\t\t\t\t<div class=\"elementor-widget-container\">\n\t\t\t\t\t<h3 class=\"elementor-heading-title elementor-size-default\">V\u011b\u0159\u00edme v p\u0159\u00edstup \"pay it forward\" v podnik\u00e1n\u00ed i v \u017eivot\u011b. Proto nab\u00edz\u00edme registrovan\u00fdm neziskov\u00fdm organizac\u00edm (NPO). <strong>50% sleva z ceny jak\u00e9hokoli pl\u00e1nu FooSales<\/strong>.<\/h3>\t\t\t\t<\/div>\n\t\t\t\t<\/div>\n\t\t\t\t<div class=\"elementor-element elementor-element-12c3fcdf elementor-widget elementor-widget-heading\" data-id=\"12c3fcdf\" data-element_type=\"widget\" data-e-type=\"widget\" data-widget_type=\"heading.default\">\n\t\t\t\t<div class=\"elementor-widget-container\">\n\t\t\t\t\t<h3 class=\"elementor-heading-title elementor-size-default\">Chcete-li o tuto slevu po\u017e\u00e1dat, vypl\u0148te pros\u00edm n\u00ed\u017ee uveden\u00fd formul\u00e1\u0159 a v p\u0159\u00edpad\u011b \u00fasp\u011bchu obdr\u017e\u00edte v nejbli\u017e\u0161\u00edch dnech k\u00f3d kup\u00f3nu, kter\u00fd m\u016f\u017eete pou\u017e\u00edt p\u0159i placen\u00ed. V p\u0159\u00edpad\u011b jak\u00fdchkoli dotaz\u016f n\u00e1s pros\u00edm kontaktujte.\n\n<\/h3>\t\t\t\t<\/div>\n\t\t\t\t<\/div>\n\t\t\t\t<div class=\"elementor-element elementor-element-5f017ace elementor-widget elementor-widget-void-section-cf7\" data-id=\"5f017ace\" data-element_type=\"widget\" data-e-type=\"widget\" data-widget_type=\"void-section-cf7.default\">\n\t\t\t\t<div class=\"elementor-widget-container\">\n\t\t\t\t\t<div class=\"void-cf7-form-widget-wrapper elementor-shortcode void-cf7-0\" data-void-cf7-contact-form-id=\"28837\">\n<div class=\"wpcf7 no-js\" id=\"wpcf7-f28837-o1\" lang=\"en-US\" dir=\"ltr\" data-wpcf7-id=\"28837\">\n<div class=\"screen-reader-response\"><p role=\"status\" aria-live=\"polite\" aria-atomic=\"true\"><\/p> <ul><\/ul><\/div>\n<form action=\"\/cs\/wp-json\/wp\/v2\/pages\/53330#wpcf7-f28837-o1\" method=\"post\" class=\"wpcf7-form init\" aria-label=\"Kontaktn\u00ed formul\u00e1\u0159\" novalidate=\"novalidate\" data-status=\"init\" data-trp-original-action=\"\/cs\/wp-json\/wp\/v2\/pages\/53330#wpcf7-f28837-o1\">\n<fieldset class=\"hidden-fields-container\"><input type=\"hidden\" name=\"_wpcf7\" value=\"28837\" \/><input type=\"hidden\" name=\"_wpcf7_version\" value=\"6.1.5\" \/><input type=\"hidden\" name=\"_wpcf7_locale\" value=\"en_US\" \/><input type=\"hidden\" name=\"_wpcf7_unit_tag\" value=\"wpcf7-f28837-o1\" \/><input type=\"hidden\" name=\"_wpcf7_container_post\" value=\"0\" \/><input type=\"hidden\" name=\"_wpcf7_posted_data_hash\" value=\"\" \/>\n<\/fieldset>\n<p><label>N\u00e1zev neziskov\u00e9 organizace: *<\/label>\n<\/p>\n<p><span class=\"wpcf7-form-control-wrap\" data-name=\"npo-name\"><input size=\"40\" maxlength=\"400\" class=\"wpcf7-form-control wpcf7-text wpcf7-validates-as-required\" aria-required=\"true\" aria-invalid=\"false\" value=\"\" type=\"text\" name=\"npo-name\" \/><\/span>\n<\/p>\n<p><label>Webov\u00e9 str\u00e1nky neziskov\u00e9 organizace: *<\/label>\n<\/p>\n<p><span class=\"wpcf7-form-control-wrap\" data-name=\"npo-website\"><input size=\"40\" maxlength=\"400\" class=\"wpcf7-form-control wpcf7-text wpcf7-validates-as-required\" aria-required=\"true\" aria-invalid=\"false\" value=\"\" type=\"text\" name=\"npo-website\" \/><\/span>\n<\/p>\n<p><label>Registra\u010dn\u00ed \u010d\u00edslo neziskov\u00e9 organizace \/ da\u0148ov\u00e9 identifika\u010dn\u00ed \u010d\u00edslo (EIN): *<\/label>\n<\/p>\n<p><span class=\"wpcf7-form-control-wrap\" data-name=\"npo-id\"><input size=\"40\" maxlength=\"400\" class=\"wpcf7-form-control wpcf7-text wpcf7-validates-as-required\" aria-required=\"true\" aria-invalid=\"false\" value=\"\" type=\"text\" name=\"npo-id\" \/><\/span>\n<\/p>\n<p><label>Jm\u00e9no z\u00e1stupce: *<\/label>\n<\/p>\n<p><span class=\"wpcf7-form-control-wrap\" data-name=\"npo-rep-name\"><input size=\"40\" maxlength=\"400\" class=\"wpcf7-form-control wpcf7-text wpcf7-validates-as-required\" aria-required=\"true\" aria-invalid=\"false\" value=\"\" type=\"text\" name=\"npo-rep-name\" \/><\/span>\n<\/p>\n<p><label>E-mailov\u00e1 adresa z\u00e1stupce: *<\/label>\n<\/p>\n<p><span class=\"wpcf7-form-control-wrap\" data-name=\"npo-rep-email\"><input size=\"40\" maxlength=\"400\" class=\"wpcf7-form-control wpcf7-email wpcf7-validates-as-required wpcf7-text wpcf7-validates-as-email\" aria-required=\"true\" aria-invalid=\"false\" value=\"\" type=\"email\" name=\"npo-rep-email\" \/><\/span>\n<\/p>\n<p><label>Stru\u010dn\u011b n\u00e1m pov\u011bzte o sv\u00e9 neziskov\u00e9 organizaci: *<\/label>\n<\/p>\n<p><span class=\"wpcf7-form-control-wrap\" data-name=\"npo-about\"><textarea cols=\"40\" rows=\"10\" maxlength=\"30000\" class=\"wpcf7-form-control wpcf7-textarea wpcf7-validates-as-required\" aria-required=\"true\" aria-invalid=\"false\" name=\"npo-about\"><\/textarea><\/span>\n<\/p>\n<p><label>Stru\u010dn\u011b popi\u0161te, jak hodl\u00e1te vyu\u017e\u00edt FooSales pro svou neziskovou organizaci? *<\/label>\n<\/p>\n<p><span class=\"wpcf7-form-control-wrap\" data-name=\"npo-usage\"><textarea cols=\"40\" rows=\"10\" maxlength=\"30000\" class=\"wpcf7-form-control wpcf7-textarea wpcf7-validates-as-required\" aria-required=\"true\" aria-invalid=\"false\" name=\"npo-usage\"><\/textarea><\/span>\n<\/p>\n<p><span><input class=\"wpcf7-form-control wpcf7-submit has-spinner\" type=\"submit\" value=\"Odeslat \u017e\u00e1dost\" \/><\/span>\n<\/p><div class=\"wpcf7-response-output\" aria-hidden=\"true\"><\/div>\n<input type=\"hidden\" name=\"trp-form-language\" value=\"cs\"\/><\/form>\n<\/div>\n<\/div> \t\t\t<script>\r\n \t\t\t        var theform = document.querySelector('.void-cf7-0');\r\n\t\t\t\t\t\ttheform.addEventListener( 'wpcf7mailsent', function( event ) {\r\n\t\t\t\t\t    location = 'https:\/\/help.foosales.com\/cs\/contact\/npo-discount-application\/';\r\n\t\t\t\t\t}, false );\r\n\t\t\t<\/script>\r\n\r\n\t\t\t\t\t\t<\/div>\n\t\t\t\t<\/div>\n\t\t\t\t\t<\/div>\n\t\t<\/div>\n\t\t\t\t<div class=\"elementor-column elementor-col-16 elementor-top-column elementor-element elementor-element-8837e9e\" data-id=\"8837e9e\" data-element_type=\"column\" data-e-type=\"column\">\n\t\t\t<div class=\"elementor-widget-wrap\">\n\t\t\t\t\t\t\t<\/div>\n\t\t<\/div>\n\t\t\t\t\t<\/div>\n\t\t<\/section>\n\t\t\t\t<\/div>","protected":false},"excerpt":{"rendered":"<p>Apply for a NPO Discount We believe in the \u2018pay it forward\u2019 approach to business and life. As such, we offer registered Nonprofit Organizations (NPO) a 50% discount on the cost of any FooSales plan. To apply for this discount please complete the application form below, and if successful, you will receive a coupon code [&hellip;]<\/p>\n","protected":false},"author":1,"featured_media":0,"parent":53342,"menu_order":0,"comment_status":"closed","ping_status":"closed","template":"elementor_header_footer","meta":{"site-sidebar-layout":"no-sidebar","site-content-layout":"page-builder","ast-site-content-layout":"default","site-content-style":"default","site-sidebar-style":"default","ast-global-header-display":"","ast-banner-title-visibility":"","ast-main-header-display":"","ast-hfb-above-header-display":"","ast-hfb-below-header-display":"","ast-hfb-mobile-header-display":"","site-post-title":"disabled","ast-breadcrumbs-content":"","ast-featured-img":"disabled","footer-sml-layout":"","ast-disable-related-posts":"","theme-transparent-header-meta":"default","adv-header-id-meta":"","stick-header-meta":"default","header-above-stick-meta":"","header-main-stick-meta":"","header-below-stick-meta":"","astra-migrate-meta-layouts":"default","ast-page-background-enabled":"default","ast-page-background-meta":{"desktop":{"background-color":"","background-image":"","background-repeat":"repeat","background-position":"center center","background-size":"auto","background-attachment":"scroll","background-type":"","background-media":"","overlay-type":"","overlay-color":"","overlay-opacity":"","overlay-gradient":""},"tablet":{"background-color":"","background-image":"","background-repeat":"repeat","background-position":"center center","background-size":"auto","background-attachment":"scroll","background-type":"","background-media":"","overlay-type":"","overlay-color":"","overlay-opacity":"","overlay-gradient":""},"mobile":{"background-color":"","background-image":"","background-repeat":"repeat","background-position":"center center","background-size":"auto","background-attachment":"scroll","background-type":"","background-media":"","overlay-type":"","overlay-color":"","overlay-opacity":"","overlay-gradient":""}},"ast-content-background-meta":{"desktop":{"background-color":"var(--ast-global-color-5)","background-image":"","background-repeat":"repeat","background-position":"center center","background-size":"auto","background-attachment":"scroll","background-type":"","background-media":"","overlay-type":"","overlay-color":"","overlay-opacity":"","overlay-gradient":""},"tablet":{"background-color":"var(--ast-global-color-5)","background-image":"","background-repeat":"repeat","background-position":"center center","background-size":"auto","background-attachment":"scroll","background-type":"","background-media":"","overlay-type":"","overlay-color":"","overlay-opacity":"","overlay-gradient":""},"mobile":{"background-color":"var(--ast-global-color-5)","background-image":"","background-repeat":"repeat","background-position":"center center","background-size":"auto","background-attachment":"scroll","background-type":"","background-media":"","overlay-type":"","overlay-color":"","overlay-opacity":"","overlay-gradient":""}},"footnotes":""},"class_list":["post-53330","page","type-page","status-publish","hentry"],"featured_image_src":null,"featured_image_src_square":null,"_links":{"self":[{"href":"https:\/\/help.foosales.com\/cs\/wp-json\/wp\/v2\/pages\/53330","targetHints":{"allow":["GET"]}}],"collection":[{"href":"https:\/\/help.foosales.com\/cs\/wp-json\/wp\/v2\/pages"}],"about":[{"href":"https:\/\/help.foosales.com\/cs\/wp-json\/wp\/v2\/types\/page"}],"author":[{"embeddable":true,"href":"https:\/\/help.foosales.com\/cs\/wp-json\/wp\/v2\/users\/1"}],"replies":[{"embeddable":true,"href":"https:\/\/help.foosales.com\/cs\/wp-json\/wp\/v2\/comments?post=53330"}],"version-history":[{"count":0,"href":"https:\/\/help.foosales.com\/cs\/wp-json\/wp\/v2\/pages\/53330\/revisions"}],"up":[{"embeddable":true,"href":"https:\/\/help.foosales.com\/cs\/wp-json\/wp\/v2\/pages\/53342"}],"wp:attachment":[{"href":"https:\/\/help.foosales.com\/cs\/wp-json\/wp\/v2\/media?parent=53330"}],"curies":[{"name":"wp","href":"https:\/\/api.w.org\/{rel}","templated":true}]}}