{"id":53327,"date":"2021-01-14T05:51:39","date_gmt":"2021-01-14T12:51:39","guid":{"rendered":"https:\/\/help.foosales.com\/?page_id=53327"},"modified":"2024-12-04T20:41:50","modified_gmt":"2024-12-05T03:41:50","slug":"feature-benachrichtigungen","status":"publish","type":"page","link":"https:\/\/help.foosales.com\/de\/contact\/feature-notifications\/","title":{"rendered":"Feature Benachrichtigungen"},"content":{"rendered":"<div data-elementor-type=\"wp-page\" data-elementor-id=\"53327\" class=\"elementor elementor-53327\">\n\t\t\t\t\t\t<section class=\"elementor-section elementor-top-section elementor-element elementor-element-6f2a0db1 elementor-section-boxed elementor-section-height-default elementor-section-height-default\" data-id=\"6f2a0db1\" data-element_type=\"section\" data-e-type=\"section\">\n\t\t\t\t\t\t<div class=\"elementor-container elementor-column-gap-default\">\n\t\t\t\t\t<div class=\"elementor-column elementor-col-16 elementor-top-column elementor-element elementor-element-73bc489a\" data-id=\"73bc489a\" data-element_type=\"column\" data-e-type=\"column\">\n\t\t\t<div class=\"elementor-widget-wrap\">\n\t\t\t\t\t\t\t<\/div>\n\t\t<\/div>\n\t\t\t\t<div class=\"elementor-column elementor-col-66 elementor-top-column elementor-element elementor-element-4e4ab755\" data-id=\"4e4ab755\" data-element_type=\"column\" data-e-type=\"column\">\n\t\t\t<div class=\"elementor-widget-wrap elementor-element-populated\">\n\t\t\t\t\t\t<div class=\"elementor-element elementor-element-475cfe87 elementor-widget elementor-widget-heading\" data-id=\"475cfe87\" data-element_type=\"widget\" data-e-type=\"widget\" data-widget_type=\"heading.default\">\n\t\t\t\t<div class=\"elementor-widget-container\">\n\t\t\t\t\t<h2 class=\"elementor-heading-title elementor-size-xxl\">Feature Benachrichtigungen<\/h2>\t\t\t\t<\/div>\n\t\t\t\t<\/div>\n\t\t\t\t<div class=\"elementor-element elementor-element-1bba5e34 elementor-widget elementor-widget-heading\" data-id=\"1bba5e34\" data-element_type=\"widget\" data-e-type=\"widget\" data-widget_type=\"heading.default\">\n\t\t\t\t<div class=\"elementor-widget-container\">\n\t\t\t\t\t<h3 class=\"elementor-heading-title elementor-size-default\">Lassen Sie sich benachrichtigen, sobald wir Funktionen einf\u00fchren, die Sie interessieren. Geben Sie Ihre Daten ein und wir senden Ihnen eine E-Mail, sobald die Funktion verf\u00fcgbar ist.<\/h3>\t\t\t\t<\/div>\n\t\t\t\t<\/div>\n\t\t\t\t<div class=\"elementor-element elementor-element-4fc8fbd elementor-widget elementor-widget-text-editor\" data-id=\"4fc8fbd\" data-element_type=\"widget\" data-e-type=\"widget\" data-widget_type=\"text-editor.default\">\n\t\t\t\t<div class=\"elementor-widget-container\">\n\t\t\t\t\t\t\t\t\t<p><span style=\"font-size: 15px; font-style: normal; font-weight: 400;\">Die unten aufgef\u00fchrten Funktionen basieren auf verschiedenen internen und von Kunden eingereichten Vorschl\u00e4gen. Jede Funktion wird im Hinblick auf Interesse, Nutzen, technische Machbarkeit und verf\u00fcgbare Ressourcen gepr\u00fcft und bewertet. Abh\u00e4ngig von diesem laufenden \u00dcberpr\u00fcfungsprozess werden nicht alle Funktionen garantiert implementiert.<\/span><\/p>\t\t\t\t\t\t\t\t<\/div>\n\t\t\t\t<\/div>\n\t\t\t\t<div class=\"elementor-element elementor-element-66941b39 elementor-widget elementor-widget-void-section-cf7\" data-id=\"66941b39\" data-element_type=\"widget\" data-e-type=\"widget\" data-widget_type=\"void-section-cf7.default\">\n\t\t\t\t<div class=\"elementor-widget-container\">\n\t\t\t\t\t<div class=\"void-cf7-form-widget-wrapper elementor-shortcode void-cf7-0\" data-void-cf7-contact-form-id=\"22866\">\n<div class=\"wpcf7 no-js\" id=\"wpcf7-f22866-o1\" lang=\"en-US\" dir=\"ltr\" data-wpcf7-id=\"22866\">\n<div class=\"screen-reader-response\"><p role=\"status\" aria-live=\"polite\" aria-atomic=\"true\"><\/p> <ul><\/ul><\/div>\n<form action=\"\/de\/wp-json\/wp\/v2\/pages\/53327#wpcf7-f22866-o1\" method=\"post\" class=\"wpcf7-form init\" aria-label=\"Kontakt-Formular\" novalidate=\"novalidate\" data-status=\"init\" data-trp-original-action=\"\/de\/wp-json\/wp\/v2\/pages\/53327#wpcf7-f22866-o1\">\n<fieldset class=\"hidden-fields-container\"><input type=\"hidden\" name=\"_wpcf7\" value=\"22866\" \/><input type=\"hidden\" name=\"_wpcf7_version\" value=\"6.1.5\" \/><input type=\"hidden\" name=\"_wpcf7_locale\" value=\"en_US\" \/><input type=\"hidden\" name=\"_wpcf7_unit_tag\" value=\"wpcf7-f22866-o1\" \/><input type=\"hidden\" name=\"_wpcf7_container_post\" value=\"0\" \/><input type=\"hidden\" name=\"_wpcf7_posted_data_hash\" value=\"\" \/>\n<\/fieldset>\n<p><span class=\"wpcf7-form-control-wrap\" data-name=\"your-name\"><input size=\"40\" maxlength=\"400\" class=\"wpcf7-form-control wpcf7-text wpcf7-validates-as-required\" aria-required=\"true\" aria-invalid=\"false\" placeholder=\"Vollst\u00e4ndiger Name *\" value=\"\" type=\"text\" name=\"your-name\" \/><\/span>\n<\/p>\n<p><span class=\"wpcf7-form-control-wrap\" data-name=\"your-email\"><input size=\"40\" maxlength=\"400\" class=\"wpcf7-form-control wpcf7-email wpcf7-validates-as-required wpcf7-text wpcf7-validates-as-email\" aria-required=\"true\" aria-invalid=\"false\" placeholder=\"E-Mail Adresse *\" value=\"\" type=\"email\" name=\"your-email\" \/><\/span>\n<\/p>\n<p><span class=\"wpcf7-form-control-wrap\" data-name=\"feature_fs\"><select class=\"wpcf7-form-control wpcf7-select\" aria-invalid=\"false\" name=\"feature_fs\"><option value=\"\">Bitte w\u00e4hlen Sie eine Funktion aus:<\/option><option value=\"-- WooCommerce Brands Support\">-- WooCommerce Brands Unterst\u00fctzung<\/option><option value=\"-- Technical safety device (TSE) support (Germany)\">-- Unterst\u00fctzung f\u00fcr technische Sicherheitseinrichtungen (TSE) (Deutschland)<\/option><option value=\"-- Daily cash float facility\">-- T\u00e4gliche Cash Float-Fazilit\u00e4t<\/option><option value=\"-- Display additional order information\">-- Anzeige zus\u00e4tzlicher Auftragsinformationen<\/option><option value=\"-- Order popup alert\">-- Popup-Warnung bestellen<\/option><option value=\"-- Custom Invoices QR codes\">-- Benutzerdefinierte Rechnungen QR-Codes<\/option><option value=\"-- Customize cart product prices\">-- Anpassen der Produktpreise im Warenkorb<\/option><option value=\"-- Additional EPSON printer support\">-- Zus\u00e4tzliche Unterst\u00fctzung f\u00fcr EPSON-Drucker<\/option><option value=\"-- Product management\">-- Produktmanagement<\/option><option value=\"-- Store location management\">-- Verwaltung von Ladenstandorten<\/option><option value=\"-- POS only products\">-- Nur POS-Produkte<\/option><option value=\"-- Add products through POS\">-- Hinzuf\u00fcgen von Produkten \u00fcber POS<\/option><option value=\"-- Order level discounts\">-- Rabatte auf der Auftragsebene<\/option><option value=\"-- Custom Branding - Logo and colors\">-- Individuelles Branding - Logo und Farben<\/option><option value=\"-- Edit orders\">-- Auftr\u00e4ge bearbeiten<\/option><option value=\"-- Order status management (in progress, shipped, ready)\">Verwaltung des Auftragsstatus (in Bearbeitung, versandt, fertig)<\/option><option value=\"-- Order status filter\">-- Filter f\u00fcr den Auftragsstatus<\/option><option value=\"-- Customer order history\">-- Kundenauftragshistorie<\/option><option value=\"-- Authentication via device code\">-- Authentifizierung \u00fcber Ger\u00e4tecode<\/option><option value=\"-- Advanced FooEvents integration (ticket printing, seat selection and booking slots)\">Fortgeschrittene FooEvents-Integration (Fahrscheindruck, Sitzplatzauswahl und Buchung von Slots)<\/option><option value=\"-- Backorder support\">-- Unterst\u00fctzung bei R\u00fcckst\u00e4nden<\/option><option value=\"-- Split payments\">-- Aufteilung der Zahlungen<\/option><option value=\"-- Order Barcodes\">-- Barcodes bestellen<\/option><option value=\"-- PayPal Here integration\">-- PayPal Here-Integration<\/option><option value=\"-- Zettle integration\">-- Zettle-Integration<\/option><option value=\"-- Mollie integration\">-- Mollie Integration<\/option><option value=\"-- SumUp integration\">-- SumUp-Integration<\/option><option value=\"-- Barcode printing\">-- Barcode-Druck<\/option><option value=\"-- Set App default tax rate\">-- Standardsteuersatz der App festlegen<\/option><option value=\"-- Add custom fields on checkout\">-- Hinzuf\u00fcgen von benutzerdefinierten Feldern beim Checkout<\/option><option value=\"-- Add tip\/gratuity on checkout\">-- Trinkgeld\/Gratifikation beim Bezahlen hinzuf\u00fcgen<\/option><option value=\"-- Different prices for POS products\">-- Unterschiedliche Preise f\u00fcr POS-Produkte<\/option><option value=\"-- Stock location management\">-- Verwaltung des Lagerbestands<\/option><option value=\"-- Teller user management\">-- Teller-Benutzerverwaltung<\/option><option value=\"-- Self Checkout\">-- Self Checkout<\/option><option value=\"-- Manage product prices and stock quantities\">-- Verwaltung von Produktpreisen und Lagerbest\u00e4nden<\/option><option value=\"-- AutomateWoo\">-- AutomateWoo<\/option><option value=\"-- WooCommerce Product Vendors\">-- WooCommerce Produkt-Anbieter<\/option><option value=\"-- WooCommerce Product Add-ons\">-- WooCommerce Produkt-Erg\u00e4nzungen<\/option><option value=\"-- Support for WooCommerce Product Add-ons on iPad and Android Tablet\">-- Unterst\u00fctzung f\u00fcr WooCommerce-Produkt-Add-ons auf iPad und Android-Tablet<\/option><option value=\"-- WooCommerce Points and Rewards\">-- WooCommerce Punkte und Belohnungen<\/option><option value=\"-- WooCommerce Subscriptions\">-- WooCommerce Abonnements<\/option><option value=\"-- WooCommerce Deposits\">-- WooCommerce Einlagen<\/option><option value=\"-- WooCommerce Store Credit\">-- WooCommerce Ladenguthaben<\/option><option value=\"-- WooCommerce Product Bundles\">-- WooCommerce Produktb\u00fcndel<\/option><option value=\"-- WooCommerce Memberships\">-- WooCommerce Mitgliedschaften<\/option><option value=\"-- WooCommerce Bookings\">-- WooCommerce Buchungen<\/option><option value=\"-- WooCommerce Points and Rewards\">-- WooCommerce Punkte und Belohnungen<\/option><option value=\"-- WooCommerce Cost of Goods\">-- WooCommerce Kosten der Waren<\/option><option value=\"-- WooCommerce Smart Coupons\">-- WooCommerce Smart Coupons<\/option><option value=\"-- WooCommerce PDF Vouchers\">-- WooCommerce PDF-Gutscheine<\/option><option value=\"-- WooCommerce Payments\">-- WooCommerce-Zahlungen<\/option><option value=\"-- WooCommerce Gift Cards\">-- WooCommerce-Geschenkkarten<\/option><option value=\"-- Donation For WooCommerce\">-- Spende f\u00fcr WooCommerce<\/option><option value=\"-- WCFM Marketplace\">-- WCFM-Marktplatz<\/option><option value=\"-- WC Marketplace\">-- WC-Marktplatz<\/option><option value=\"-- Cost of Goods for WooCommerce\">-- Kosten der Waren f\u00fcr WooCommerce<\/option><option value=\"-- Discount Rules for WooCommerce\">-- Rabattregeln f\u00fcr WooCommerce<\/option><option value=\"-- Mailchimp for WooCommerce\">-- Mailchimp f\u00fcr WooCommerce<\/option><option value=\"-- Dynamic Pricing\">-- Dynamische Preisgestaltung<\/option><option value=\"-- Checkout field editor\">-- Kassenfeld-Editor<\/option><option value=\"-- Shipment Tracking\">-- Sendungsverfolgung<\/option><option value=\"-- Booster Pro for WooCommerce\">-- Booster Pro f\u00fcr WooCommerce<\/option><option value=\"-- Groups Plugin\">-- Gruppen-Plugin<\/option><option value=\"-- Integrate with Composite Products\">-- Integration mit Verbundwerkstoffprodukten<\/option><option value=\"-- Integrate with Xero accounting program\">-- Integration mit dem Buchhaltungsprogramm Xero<\/option><option value=\"-- Product GTIN (EAN, UPC, ISBN) for WooCommerce\">-- Produkt-GTIN (EAN, UPC, ISBN) f\u00fcr WooCommerce<\/option><option value=\"-- Product exchanges\">-- Produkttausch<\/option><option value=\"-- Chinese language support\">-- Unterst\u00fctzung der chinesischen Sprache<\/option><option value=\"-- Receipt template customization\">-- Anpassung der Quittungsvorlage<\/option><option value=\"-- Guest order email receipt\">-- E-Mail-Best\u00e4tigung der Gastbestellung<\/option><option value=\"-- Scan customer store card\">-- Scannen der Kundenkarte<\/option><option value=\"-- Stripe MOTO payments\">-- Stripe MOTO Zahlungen<\/option><option value=\"-- FooSales iPhone app (iOS)\">-- FooSales iPhone-Anwendung (iOS)<\/option><option value=\"-- FooSales Phone app (Android)\">-- FooSales Telefon-App (Android)<\/option><option value=\"-- Star Micronics cash drawer integration\">-- Star Integration der Micronics-Kassenschublade<\/option><option value=\"-- NF525 Compliance\">-- NF525-Konformit\u00e4t<\/option><\/select><\/span>\n<\/p>\n<p><span class=\"wpcf7-form-control-wrap\" data-name=\"your-consent\"><span class=\"wpcf7-form-control wpcf7-acceptance\"><span class=\"wpcf7-list-item\"><label><input type=\"checkbox\" name=\"your-consent\" value=\"1\" aria-invalid=\"false\" \/><span class=\"wpcf7-list-item-label\">Ich bin damit einverstanden, Benachrichtigungen \u00fcber neue Funktionen zu erhalten und akzeptiere die <a href=\"https:\/\/www.foosales.com\/privacy-statement-us?cmplz_region_redirect=true\" title=\"FooSales-Datenschutzerkl\u00e4rung\" target=\"_blank\" rel=\"noopener\">FooSales-Datenschutzerkl\u00e4rung<\/a>.<\/span><\/label><\/span><\/span><\/span>\n<\/p>\n<p><input class=\"wpcf7-form-control wpcf7-submit has-spinner\" type=\"submit\" value=\"Einreichen\" \/>\n<\/p><div class=\"wpcf7-response-output\" aria-hidden=\"true\"><\/div>\n<input type=\"hidden\" name=\"trp-form-language\" value=\"de\"\/><\/form>\n<\/div>\n<\/div> \t\t\t<script>\r\n \t\t\t        var theform = document.querySelector('.void-cf7-0');\r\n\t\t\t\t\t\ttheform.addEventListener( 'wpcf7mailsent', function( event ) {\r\n\t\t\t\t\t    location = 'https:\/\/help.foosales.com\/de\/contact\/feature-notifications\/';\r\n\t\t\t\t\t}, false );\r\n\t\t\t<\/script>\r\n\r\n\t\t\t\t\t\t<\/div>\n\t\t\t\t<\/div>\n\t\t\t\t<div class=\"elementor-element elementor-element-b5ddd46 elementor-widget elementor-widget-text-editor\" data-id=\"b5ddd46\" data-element_type=\"widget\" data-e-type=\"widget\" data-widget_type=\"text-editor.default\">\n\t\t\t\t<div class=\"elementor-widget-container\">\n\t\t\t\t\t\t\t\t\tWir verwenden Brevo als unsere Marketingplattform. Mit dem Absenden dieses Formulars erkl\u00e4ren Sie sich damit einverstanden, dass die von Ihnen bereitgestellten personenbezogenen Daten an Brevo zur Verarbeitung in \u00dcbereinstimmung mit <a href=\"https:\/\/www.brevo.com\/en\/legal\/privacypolicy\/\" target=\"_blank\" rel=\"noopener nofollow\">Brevos Datenschutzrichtlinie.<\/a>\t\t\t\t\t\t\t\t<\/div>\n\t\t\t\t<\/div>\n\t\t\t\t\t<\/div>\n\t\t<\/div>\n\t\t\t\t<div class=\"elementor-column elementor-col-16 elementor-top-column elementor-element elementor-element-5a2335d9\" data-id=\"5a2335d9\" data-element_type=\"column\" data-e-type=\"column\">\n\t\t\t<div class=\"elementor-widget-wrap\">\n\t\t\t\t\t\t\t<\/div>\n\t\t<\/div>\n\t\t\t\t\t<\/div>\n\t\t<\/section>\n\t\t\t\t<\/div>","protected":false},"excerpt":{"rendered":"<p>Feature Notifications Get notified as soon as we launch features you are interested in. Enter your details and we will send you an email when the feature is available. The features listed below are based on various internal and customer submitted suggestions. Each feature is reviewed and assessed in terms of interest, usefulness, technical feasibility [&hellip;]<\/p>\n","protected":false},"author":1,"featured_media":0,"parent":53342,"menu_order":0,"comment_status":"closed","ping_status":"closed","template":"elementor_header_footer","meta":{"site-sidebar-layout":"no-sidebar","site-content-layout":"page-builder","ast-site-content-layout":"default","site-content-style":"default","site-sidebar-style":"default","ast-global-header-display":"","ast-banner-title-visibility":"","ast-main-header-display":"","ast-hfb-above-header-display":"","ast-hfb-below-header-display":"","ast-hfb-mobile-header-display":"","site-post-title":"disabled","ast-breadcrumbs-content":"","ast-featured-img":"disabled","footer-sml-layout":"","ast-disable-related-posts":"","theme-transparent-header-meta":"default","adv-header-id-meta":"","stick-header-meta":"default","header-above-stick-meta":"","header-main-stick-meta":"","header-below-stick-meta":"","astra-migrate-meta-layouts":"default","ast-page-background-enabled":"default","ast-page-background-meta":{"desktop":{"background-color":"","background-image":"","background-repeat":"repeat","background-position":"center center","background-size":"auto","background-attachment":"scroll","background-type":"","background-media":"","overlay-type":"","overlay-color":"","overlay-opacity":"","overlay-gradient":""},"tablet":{"background-color":"","background-image":"","background-repeat":"repeat","background-position":"center center","background-size":"auto","background-attachment":"scroll","background-type":"","background-media":"","overlay-type":"","overlay-color":"","overlay-opacity":"","overlay-gradient":""},"mobile":{"background-color":"","background-image":"","background-repeat":"repeat","background-position":"center center","background-size":"auto","background-attachment":"scroll","background-type":"","background-media":"","overlay-type":"","overlay-color":"","overlay-opacity":"","overlay-gradient":""}},"ast-content-background-meta":{"desktop":{"background-color":"var(--ast-global-color-5)","background-image":"","background-repeat":"repeat","background-position":"center center","background-size":"auto","background-attachment":"scroll","background-type":"","background-media":"","overlay-type":"","overlay-color":"","overlay-opacity":"","overlay-gradient":""},"tablet":{"background-color":"var(--ast-global-color-5)","background-image":"","background-repeat":"repeat","background-position":"center center","background-size":"auto","background-attachment":"scroll","background-type":"","background-media":"","overlay-type":"","overlay-color":"","overlay-opacity":"","overlay-gradient":""},"mobile":{"background-color":"var(--ast-global-color-5)","background-image":"","background-repeat":"repeat","background-position":"center center","background-size":"auto","background-attachment":"scroll","background-type":"","background-media":"","overlay-type":"","overlay-color":"","overlay-opacity":"","overlay-gradient":""}},"footnotes":""},"class_list":["post-53327","page","type-page","status-publish","hentry"],"featured_image_src":null,"featured_image_src_square":null,"_links":{"self":[{"href":"https:\/\/help.foosales.com\/de\/wp-json\/wp\/v2\/pages\/53327","targetHints":{"allow":["GET"]}}],"collection":[{"href":"https:\/\/help.foosales.com\/de\/wp-json\/wp\/v2\/pages"}],"about":[{"href":"https:\/\/help.foosales.com\/de\/wp-json\/wp\/v2\/types\/page"}],"author":[{"embeddable":true,"href":"https:\/\/help.foosales.com\/de\/wp-json\/wp\/v2\/users\/1"}],"replies":[{"embeddable":true,"href":"https:\/\/help.foosales.com\/de\/wp-json\/wp\/v2\/comments?post=53327"}],"version-history":[{"count":1,"href":"https:\/\/help.foosales.com\/de\/wp-json\/wp\/v2\/pages\/53327\/revisions"}],"predecessor-version":[{"id":55963,"href":"https:\/\/help.foosales.com\/de\/wp-json\/wp\/v2\/pages\/53327\/revisions\/55963"}],"up":[{"embeddable":true,"href":"https:\/\/help.foosales.com\/de\/wp-json\/wp\/v2\/pages\/53342"}],"wp:attachment":[{"href":"https:\/\/help.foosales.com\/de\/wp-json\/wp\/v2\/media?parent=53327"}],"curies":[{"name":"wp","href":"https:\/\/api.w.org\/{rel}","templated":true}]}}