{"id":53330,"date":"2021-01-14T05:51:32","date_gmt":"2021-01-14T12:51:32","guid":{"rendered":"https:\/\/help.foosales.com\/?page_id=53330"},"modified":"2021-01-14T06:28:50","modified_gmt":"2021-01-14T13:28:50","slug":"npo-rabattantrag","status":"publish","type":"page","link":"https:\/\/help.foosales.com\/de\/contact\/npo-discount-application\/","title":{"rendered":"Beantragen Sie einen NPO-Rabatt"},"content":{"rendered":"<div data-elementor-type=\"wp-page\" data-elementor-id=\"53330\" class=\"elementor elementor-53330\">\n\t\t\t\t\t\t<section class=\"elementor-section elementor-top-section elementor-element elementor-element-65b786d6 elementor-section-boxed elementor-section-height-default elementor-section-height-default\" data-id=\"65b786d6\" data-element_type=\"section\" data-e-type=\"section\">\n\t\t\t\t\t\t<div class=\"elementor-container elementor-column-gap-default\">\n\t\t\t\t\t<div class=\"elementor-column elementor-col-16 elementor-top-column elementor-element elementor-element-75bc9cd\" data-id=\"75bc9cd\" data-element_type=\"column\" data-e-type=\"column\">\n\t\t\t<div class=\"elementor-widget-wrap\">\n\t\t\t\t\t\t\t<\/div>\n\t\t<\/div>\n\t\t\t\t<div class=\"elementor-column elementor-col-66 elementor-top-column elementor-element elementor-element-78db7775\" data-id=\"78db7775\" data-element_type=\"column\" data-e-type=\"column\">\n\t\t\t<div class=\"elementor-widget-wrap elementor-element-populated\">\n\t\t\t\t\t\t<div class=\"elementor-element elementor-element-608e2d1a elementor-widget elementor-widget-heading\" data-id=\"608e2d1a\" data-element_type=\"widget\" data-e-type=\"widget\" data-widget_type=\"heading.default\">\n\t\t\t\t<div class=\"elementor-widget-container\">\n\t\t\t\t\t<h2 class=\"elementor-heading-title elementor-size-xxl\">Beantragen Sie einen NPO-Rabatt<\/h2>\t\t\t\t<\/div>\n\t\t\t\t<\/div>\n\t\t\t\t<div class=\"elementor-element elementor-element-35f8178 elementor-widget elementor-widget-heading\" data-id=\"35f8178\" data-element_type=\"widget\" data-e-type=\"widget\" data-widget_type=\"heading.default\">\n\t\t\t\t<div class=\"elementor-widget-container\">\n\t\t\t\t\t<h3 class=\"elementor-heading-title elementor-size-default\">Wir glauben an den \"Pay it forward\"-Ansatz in der Wirtschaft und im Leben. Daher bieten wir registrierten gemeinn\u00fctzigen Organisationen (NPO) ein <strong>50% Rabatt auf die Kosten eines beliebigen FooSales-Plans<\/strong>.<\/h3>\t\t\t\t<\/div>\n\t\t\t\t<\/div>\n\t\t\t\t<div class=\"elementor-element elementor-element-12c3fcdf elementor-widget elementor-widget-heading\" data-id=\"12c3fcdf\" data-element_type=\"widget\" data-e-type=\"widget\" data-widget_type=\"heading.default\">\n\t\t\t\t<div class=\"elementor-widget-container\">\n\t\t\t\t\t<h3 class=\"elementor-heading-title elementor-size-default\">Um diesen Rabatt zu beantragen, f\u00fcllen Sie bitte das untenstehende Antragsformular aus. Wenn Sie erfolgreich sind, erhalten Sie in den n\u00e4chsten Tagen einen Gutscheincode, den Sie an der Kasse einl\u00f6sen k\u00f6nnen. Wenn Sie Fragen haben, kontaktieren Sie uns bitte.\n\n<\/h3>\t\t\t\t<\/div>\n\t\t\t\t<\/div>\n\t\t\t\t<div class=\"elementor-element elementor-element-5f017ace elementor-widget elementor-widget-void-section-cf7\" data-id=\"5f017ace\" data-element_type=\"widget\" data-e-type=\"widget\" data-widget_type=\"void-section-cf7.default\">\n\t\t\t\t<div class=\"elementor-widget-container\">\n\t\t\t\t\t<div class=\"void-cf7-form-widget-wrapper elementor-shortcode void-cf7-0\" data-void-cf7-contact-form-id=\"28837\">\n<div class=\"wpcf7 no-js\" id=\"wpcf7-f28837-o1\" lang=\"en-US\" dir=\"ltr\" data-wpcf7-id=\"28837\">\n<div class=\"screen-reader-response\"><p role=\"status\" aria-live=\"polite\" aria-atomic=\"true\"><\/p> <ul><\/ul><\/div>\n<form action=\"\/de\/wp-json\/wp\/v2\/pages\/53330#wpcf7-f28837-o1\" method=\"post\" class=\"wpcf7-form init\" aria-label=\"Kontakt-Formular\" novalidate=\"novalidate\" data-status=\"init\" data-trp-original-action=\"\/de\/wp-json\/wp\/v2\/pages\/53330#wpcf7-f28837-o1\">\n<fieldset class=\"hidden-fields-container\"><input type=\"hidden\" name=\"_wpcf7\" value=\"28837\" \/><input type=\"hidden\" name=\"_wpcf7_version\" value=\"6.1.5\" \/><input type=\"hidden\" name=\"_wpcf7_locale\" value=\"en_US\" \/><input type=\"hidden\" name=\"_wpcf7_unit_tag\" value=\"wpcf7-f28837-o1\" \/><input type=\"hidden\" name=\"_wpcf7_container_post\" value=\"0\" \/><input type=\"hidden\" name=\"_wpcf7_posted_data_hash\" value=\"\" \/>\n<\/fieldset>\n<p><label>Name der NPO: *<\/label>\n<\/p>\n<p><span class=\"wpcf7-form-control-wrap\" data-name=\"npo-name\"><input size=\"40\" maxlength=\"400\" class=\"wpcf7-form-control wpcf7-text wpcf7-validates-as-required\" aria-required=\"true\" aria-invalid=\"false\" value=\"\" type=\"text\" name=\"npo-name\" \/><\/span>\n<\/p>\n<p><label>NPO-Website: *<\/label>\n<\/p>\n<p><span class=\"wpcf7-form-control-wrap\" data-name=\"npo-website\"><input size=\"40\" maxlength=\"400\" class=\"wpcf7-form-control wpcf7-text wpcf7-validates-as-required\" aria-required=\"true\" aria-invalid=\"false\" value=\"\" type=\"text\" name=\"npo-website\" \/><\/span>\n<\/p>\n<p><label>NPO-Registrierungsnummer\/Steueridentifikationsnummer (EIN): *<\/label>\n<\/p>\n<p><span class=\"wpcf7-form-control-wrap\" data-name=\"npo-id\"><input size=\"40\" maxlength=\"400\" class=\"wpcf7-form-control wpcf7-text wpcf7-validates-as-required\" aria-required=\"true\" aria-invalid=\"false\" value=\"\" type=\"text\" name=\"npo-id\" \/><\/span>\n<\/p>\n<p><label>Name des Vertreters: *<\/label>\n<\/p>\n<p><span class=\"wpcf7-form-control-wrap\" data-name=\"npo-rep-name\"><input size=\"40\" maxlength=\"400\" class=\"wpcf7-form-control wpcf7-text wpcf7-validates-as-required\" aria-required=\"true\" aria-invalid=\"false\" value=\"\" type=\"text\" name=\"npo-rep-name\" \/><\/span>\n<\/p>\n<p><label>E-Mail Adresse des Vertreters: *<\/label>\n<\/p>\n<p><span class=\"wpcf7-form-control-wrap\" data-name=\"npo-rep-email\"><input size=\"40\" maxlength=\"400\" class=\"wpcf7-form-control wpcf7-email wpcf7-validates-as-required wpcf7-text wpcf7-validates-as-email\" aria-required=\"true\" aria-invalid=\"false\" value=\"\" type=\"email\" name=\"npo-rep-email\" \/><\/span>\n<\/p>\n<p><label>Erz\u00e4hlen Sie uns kurz von Ihrer NPO: *<\/label>\n<\/p>\n<p><span class=\"wpcf7-form-control-wrap\" data-name=\"npo-about\"><textarea cols=\"40\" rows=\"10\" maxlength=\"30000\" class=\"wpcf7-form-control wpcf7-textarea wpcf7-validates-as-required\" aria-required=\"true\" aria-invalid=\"false\" name=\"npo-about\"><\/textarea><\/span>\n<\/p>\n<p><label>Beschreiben Sie kurz, wie Sie FooSales f\u00fcr Ihre NPO nutzen wollen? *<\/label>\n<\/p>\n<p><span class=\"wpcf7-form-control-wrap\" data-name=\"npo-usage\"><textarea cols=\"40\" rows=\"10\" maxlength=\"30000\" class=\"wpcf7-form-control wpcf7-textarea wpcf7-validates-as-required\" aria-required=\"true\" aria-invalid=\"false\" name=\"npo-usage\"><\/textarea><\/span>\n<\/p>\n<p><span><input class=\"wpcf7-form-control wpcf7-submit has-spinner\" type=\"submit\" value=\"Bewerbung einreichen\" \/><\/span>\n<\/p><div class=\"wpcf7-response-output\" aria-hidden=\"true\"><\/div>\n<input type=\"hidden\" name=\"trp-form-language\" value=\"de\"\/><\/form>\n<\/div>\n<\/div> \t\t\t<script>\r\n \t\t\t        var theform = document.querySelector('.void-cf7-0');\r\n\t\t\t\t\t\ttheform.addEventListener( 'wpcf7mailsent', function( event ) {\r\n\t\t\t\t\t    location = 'https:\/\/help.foosales.com\/de\/contact\/npo-discount-application\/';\r\n\t\t\t\t\t}, false );\r\n\t\t\t<\/script>\r\n\r\n\t\t\t\t\t\t<\/div>\n\t\t\t\t<\/div>\n\t\t\t\t\t<\/div>\n\t\t<\/div>\n\t\t\t\t<div class=\"elementor-column elementor-col-16 elementor-top-column elementor-element elementor-element-8837e9e\" data-id=\"8837e9e\" data-element_type=\"column\" data-e-type=\"column\">\n\t\t\t<div class=\"elementor-widget-wrap\">\n\t\t\t\t\t\t\t<\/div>\n\t\t<\/div>\n\t\t\t\t\t<\/div>\n\t\t<\/section>\n\t\t\t\t<\/div>","protected":false},"excerpt":{"rendered":"<p>Apply for a NPO Discount We believe in the \u2018pay it forward\u2019 approach to business and life. As such, we offer registered Nonprofit Organizations (NPO) a 50% discount on the cost of any FooSales plan. To apply for this discount please complete the application form below, and if successful, you will receive a coupon code [&hellip;]<\/p>\n","protected":false},"author":1,"featured_media":0,"parent":53342,"menu_order":0,"comment_status":"closed","ping_status":"closed","template":"elementor_header_footer","meta":{"site-sidebar-layout":"no-sidebar","site-content-layout":"page-builder","ast-site-content-layout":"default","site-content-style":"default","site-sidebar-style":"default","ast-global-header-display":"","ast-banner-title-visibility":"","ast-main-header-display":"","ast-hfb-above-header-display":"","ast-hfb-below-header-display":"","ast-hfb-mobile-header-display":"","site-post-title":"disabled","ast-breadcrumbs-content":"","ast-featured-img":"disabled","footer-sml-layout":"","ast-disable-related-posts":"","theme-transparent-header-meta":"default","adv-header-id-meta":"","stick-header-meta":"default","header-above-stick-meta":"","header-main-stick-meta":"","header-below-stick-meta":"","astra-migrate-meta-layouts":"default","ast-page-background-enabled":"default","ast-page-background-meta":{"desktop":{"background-color":"","background-image":"","background-repeat":"repeat","background-position":"center center","background-size":"auto","background-attachment":"scroll","background-type":"","background-media":"","overlay-type":"","overlay-color":"","overlay-opacity":"","overlay-gradient":""},"tablet":{"background-color":"","background-image":"","background-repeat":"repeat","background-position":"center center","background-size":"auto","background-attachment":"scroll","background-type":"","background-media":"","overlay-type":"","overlay-color":"","overlay-opacity":"","overlay-gradient":""},"mobile":{"background-color":"","background-image":"","background-repeat":"repeat","background-position":"center center","background-size":"auto","background-attachment":"scroll","background-type":"","background-media":"","overlay-type":"","overlay-color":"","overlay-opacity":"","overlay-gradient":""}},"ast-content-background-meta":{"desktop":{"background-color":"var(--ast-global-color-5)","background-image":"","background-repeat":"repeat","background-position":"center center","background-size":"auto","background-attachment":"scroll","background-type":"","background-media":"","overlay-type":"","overlay-color":"","overlay-opacity":"","overlay-gradient":""},"tablet":{"background-color":"var(--ast-global-color-5)","background-image":"","background-repeat":"repeat","background-position":"center center","background-size":"auto","background-attachment":"scroll","background-type":"","background-media":"","overlay-type":"","overlay-color":"","overlay-opacity":"","overlay-gradient":""},"mobile":{"background-color":"var(--ast-global-color-5)","background-image":"","background-repeat":"repeat","background-position":"center center","background-size":"auto","background-attachment":"scroll","background-type":"","background-media":"","overlay-type":"","overlay-color":"","overlay-opacity":"","overlay-gradient":""}},"footnotes":""},"class_list":["post-53330","page","type-page","status-publish","hentry"],"featured_image_src":null,"featured_image_src_square":null,"_links":{"self":[{"href":"https:\/\/help.foosales.com\/de\/wp-json\/wp\/v2\/pages\/53330","targetHints":{"allow":["GET"]}}],"collection":[{"href":"https:\/\/help.foosales.com\/de\/wp-json\/wp\/v2\/pages"}],"about":[{"href":"https:\/\/help.foosales.com\/de\/wp-json\/wp\/v2\/types\/page"}],"author":[{"embeddable":true,"href":"https:\/\/help.foosales.com\/de\/wp-json\/wp\/v2\/users\/1"}],"replies":[{"embeddable":true,"href":"https:\/\/help.foosales.com\/de\/wp-json\/wp\/v2\/comments?post=53330"}],"version-history":[{"count":0,"href":"https:\/\/help.foosales.com\/de\/wp-json\/wp\/v2\/pages\/53330\/revisions"}],"up":[{"embeddable":true,"href":"https:\/\/help.foosales.com\/de\/wp-json\/wp\/v2\/pages\/53342"}],"wp:attachment":[{"href":"https:\/\/help.foosales.com\/de\/wp-json\/wp\/v2\/media?parent=53330"}],"curies":[{"name":"wp","href":"https:\/\/api.w.org\/{rel}","templated":true}]}}