{"id":53327,"date":"2021-01-14T05:51:39","date_gmt":"2021-01-14T12:51:39","guid":{"rendered":"https:\/\/help.foosales.com\/?page_id=53327"},"modified":"2024-12-04T20:41:50","modified_gmt":"2024-12-05T03:41:50","slug":"notificaciones-de-funciones","status":"publish","type":"page","link":"https:\/\/help.foosales.com\/es\/contact\/feature-notifications\/","title":{"rendered":"Notificaciones de funciones"},"content":{"rendered":"<div data-elementor-type=\"wp-page\" data-elementor-id=\"53327\" class=\"elementor elementor-53327\">\n\t\t\t\t\t\t<section class=\"elementor-section elementor-top-section elementor-element elementor-element-6f2a0db1 elementor-section-boxed elementor-section-height-default elementor-section-height-default\" data-id=\"6f2a0db1\" data-element_type=\"section\" data-e-type=\"section\">\n\t\t\t\t\t\t<div class=\"elementor-container elementor-column-gap-default\">\n\t\t\t\t\t<div class=\"elementor-column elementor-col-16 elementor-top-column elementor-element elementor-element-73bc489a\" data-id=\"73bc489a\" data-element_type=\"column\" data-e-type=\"column\">\n\t\t\t<div class=\"elementor-widget-wrap\">\n\t\t\t\t\t\t\t<\/div>\n\t\t<\/div>\n\t\t\t\t<div class=\"elementor-column elementor-col-66 elementor-top-column elementor-element elementor-element-4e4ab755\" data-id=\"4e4ab755\" data-element_type=\"column\" data-e-type=\"column\">\n\t\t\t<div class=\"elementor-widget-wrap elementor-element-populated\">\n\t\t\t\t\t\t<div class=\"elementor-element elementor-element-475cfe87 elementor-widget elementor-widget-heading\" data-id=\"475cfe87\" data-element_type=\"widget\" data-e-type=\"widget\" data-widget_type=\"heading.default\">\n\t\t\t\t<div class=\"elementor-widget-container\">\n\t\t\t\t\t<h2 class=\"elementor-heading-title elementor-size-xxl\">Notificaciones de funciones<\/h2>\t\t\t\t<\/div>\n\t\t\t\t<\/div>\n\t\t\t\t<div class=\"elementor-element elementor-element-1bba5e34 elementor-widget elementor-widget-heading\" data-id=\"1bba5e34\" data-element_type=\"widget\" data-e-type=\"widget\" data-widget_type=\"heading.default\">\n\t\t\t\t<div class=\"elementor-widget-container\">\n\t\t\t\t\t<h3 class=\"elementor-heading-title elementor-size-default\">Reciba una notificaci\u00f3n en cuanto lancemos funciones que le interesen. Introduce tus datos y te enviaremos un correo electr\u00f3nico cuando la funci\u00f3n est\u00e9 disponible.<\/h3>\t\t\t\t<\/div>\n\t\t\t\t<\/div>\n\t\t\t\t<div class=\"elementor-element elementor-element-4fc8fbd elementor-widget elementor-widget-text-editor\" data-id=\"4fc8fbd\" data-element_type=\"widget\" data-e-type=\"widget\" data-widget_type=\"text-editor.default\">\n\t\t\t\t<div class=\"elementor-widget-container\">\n\t\t\t\t\t\t\t\t\t<p><span style=\"font-size: 15px; font-style: normal; font-weight: 400;\">Las funciones que se enumeran a continuaci\u00f3n se basan en diversas sugerencias internas y de clientes. Cada funci\u00f3n se revisa y eval\u00faa en funci\u00f3n de su inter\u00e9s, utilidad, viabilidad t\u00e9cnica y recursos disponibles. En funci\u00f3n de este proceso continuo de revisi\u00f3n de funciones, no se garantiza la implantaci\u00f3n de todas ellas.<\/span><\/p>\t\t\t\t\t\t\t\t<\/div>\n\t\t\t\t<\/div>\n\t\t\t\t<div class=\"elementor-element elementor-element-66941b39 elementor-widget elementor-widget-void-section-cf7\" data-id=\"66941b39\" data-element_type=\"widget\" data-e-type=\"widget\" data-widget_type=\"void-section-cf7.default\">\n\t\t\t\t<div class=\"elementor-widget-container\">\n\t\t\t\t\t<div class=\"void-cf7-form-widget-wrapper elementor-shortcode void-cf7-0\" data-void-cf7-contact-form-id=\"22866\">\n<div class=\"wpcf7 no-js\" id=\"wpcf7-f22866-o1\" lang=\"en-US\" dir=\"ltr\" data-wpcf7-id=\"22866\">\n<div class=\"screen-reader-response\"><p role=\"status\" aria-live=\"polite\" aria-atomic=\"true\"><\/p> <ul><\/ul><\/div>\n<form action=\"\/es\/wp-json\/wp\/v2\/pages\/53327#wpcf7-f22866-o1\" method=\"post\" class=\"wpcf7-form init\" aria-label=\"Formulario de contacto\" novalidate=\"novalidate\" data-status=\"init\" data-trp-original-action=\"\/es\/wp-json\/wp\/v2\/pages\/53327#wpcf7-f22866-o1\">\n<fieldset class=\"hidden-fields-container\"><input type=\"hidden\" name=\"_wpcf7\" value=\"22866\" \/><input type=\"hidden\" name=\"_wpcf7_version\" value=\"6.1.5\" \/><input type=\"hidden\" name=\"_wpcf7_locale\" value=\"en_US\" \/><input type=\"hidden\" name=\"_wpcf7_unit_tag\" value=\"wpcf7-f22866-o1\" \/><input type=\"hidden\" name=\"_wpcf7_container_post\" value=\"0\" \/><input type=\"hidden\" name=\"_wpcf7_posted_data_hash\" value=\"\" \/>\n<\/fieldset>\n<p><span class=\"wpcf7-form-control-wrap\" data-name=\"your-name\"><input size=\"40\" maxlength=\"400\" class=\"wpcf7-form-control wpcf7-text wpcf7-validates-as-required\" aria-required=\"true\" aria-invalid=\"false\" placeholder=\"Nombre completo *\" value=\"\" type=\"text\" name=\"your-name\" \/><\/span>\n<\/p>\n<p><span class=\"wpcf7-form-control-wrap\" data-name=\"your-email\"><input size=\"40\" maxlength=\"400\" class=\"wpcf7-form-control wpcf7-email wpcf7-validates-as-required wpcf7-text wpcf7-validates-as-email\" aria-required=\"true\" aria-invalid=\"false\" placeholder=\"Direcci\u00f3n de correo electr\u00f3nico\" value=\"\" type=\"email\" name=\"your-email\" \/><\/span>\n<\/p>\n<p><span class=\"wpcf7-form-control-wrap\" data-name=\"feature_fs\"><select class=\"wpcf7-form-control wpcf7-select\" aria-invalid=\"false\" name=\"feature_fs\"><option value=\"\">Seleccione una caracter\u00edstica:<\/option><option value=\"-- WooCommerce Brands Support\">-- WooCommerce Soporte de marcas<\/option><option value=\"-- Technical safety device (TSE) support (Germany)\">-- Apoyo a los dispositivos t\u00e9cnicos de seguridad (ETS) (Alemania)<\/option><option value=\"-- Daily cash float facility\">-- Servicio diario de tesorer\u00eda<\/option><option value=\"-- Display additional order information\">-- Mostrar informaci\u00f3n adicional del pedido<\/option><option value=\"-- Order popup alert\">-- Alerta emergente de pedido<\/option><option value=\"-- Custom Invoices QR codes\">-- Facturas personalizadas C\u00f3digos QR<\/option><option value=\"-- Customize cart product prices\">-- Personalizar los precios de los productos del carrito<\/option><option value=\"-- Additional EPSON printer support\">-- Soporte adicional para impresoras EPSON<\/option><option value=\"-- Product management\">-- Gesti\u00f3n de productos<\/option><option value=\"-- Store location management\">-- Gesti\u00f3n de la ubicaci\u00f3n de las tiendas<\/option><option value=\"-- POS only products\">-- S\u00f3lo productos POS<\/option><option value=\"-- Add products through POS\">-- A\u00f1adir productos a trav\u00e9s de POS<\/option><option value=\"-- Order level discounts\">-- Descuentos por pedido<\/option><option value=\"-- Custom Branding - Logo and colors\">-- Marca personalizada - Logotipo y colores<\/option><option value=\"-- Edit orders\">-- Editar pedidos<\/option><option value=\"-- Order status management (in progress, shipped, ready)\">-- Gesti\u00f3n del estado de los pedidos (en curso, enviados, listos)<\/option><option value=\"-- Order status filter\">-- Filtro de estado del pedido<\/option><option value=\"-- Customer order history\">-- Historial de pedidos de clientes<\/option><option value=\"-- Authentication via device code\">-- Autenticaci\u00f3n mediante c\u00f3digo de dispositivo<\/option><option value=\"-- Advanced FooEvents integration (ticket printing, seat selection and booking slots)\">-- Integraci\u00f3n avanzada FooEvents (impresi\u00f3n de billetes, selecci\u00f3n de asientos y reserva de franjas horarias)<\/option><option value=\"-- Backorder support\">-- Ayuda para pedidos pendientes<\/option><option value=\"-- Split payments\">-- Pagos fraccionados<\/option><option value=\"-- Order Barcodes\">-- Pedir c\u00f3digos de barras<\/option><option value=\"-- PayPal Here integration\">-- Integraci\u00f3n de PayPal Here<\/option><option value=\"-- Zettle integration\">-- Integraci\u00f3n con Zettle<\/option><option value=\"-- Mollie integration\">-- Integraci\u00f3n de Mollie<\/option><option value=\"-- SumUp integration\">-- Integraci\u00f3n de SumUp<\/option><option value=\"-- Barcode printing\">-- Impresi\u00f3n de c\u00f3digos de barras<\/option><option value=\"-- Set App default tax rate\">-- Fijar el tipo impositivo por defecto del App<\/option><option value=\"-- Add custom fields on checkout\">-- A\u00f1adir campos personalizados en el pago<\/option><option value=\"-- Add tip\/gratuity on checkout\">-- A\u00f1adir propina\/gratificaci\u00f3n al pagar<\/option><option value=\"-- Different prices for POS products\">-- Diferentes precios para los productos POS<\/option><option value=\"-- Stock location management\">-- Gesti\u00f3n de la localizaci\u00f3n de existencias<\/option><option value=\"-- Teller user management\">-- Gesti\u00f3n de usuarios de cajeros<\/option><option value=\"-- Self Checkout\">-- Self Checkout<\/option><option value=\"-- Manage product prices and stock quantities\">-- Gestionar los precios de los productos y las cantidades en stock<\/option><option value=\"-- AutomateWoo\">-- AutomateWoo<\/option><option value=\"-- WooCommerce Product Vendors\">-- Vendedores de productos WooCommerce<\/option><option value=\"-- WooCommerce Product Add-ons\">-- Complementos del producto WooCommerce<\/option><option value=\"-- Support for WooCommerce Product Add-ons on iPad and Android Tablet\">-- Compatibilidad con los complementos de productos WooCommerce en iPad y tabletas Android<\/option><option value=\"-- WooCommerce Points and Rewards\">-- WooCommerce Puntos y Recompensas<\/option><option value=\"-- WooCommerce Subscriptions\">-- Suscripciones WooCommerce<\/option><option value=\"-- WooCommerce Deposits\">-- Dep\u00f3sitos WooCommerce<\/option><option value=\"-- WooCommerce Store Credit\">-- WooCommerce Cr\u00e9dito de la tienda<\/option><option value=\"-- WooCommerce Product Bundles\">-- Paquetes de productos WooCommerce<\/option><option value=\"-- WooCommerce Memberships\">-- Afiliaciones WooCommerce<\/option><option value=\"-- WooCommerce Bookings\">-- WooCommerce Reservas<\/option><option value=\"-- WooCommerce Points and Rewards\">-- WooCommerce Puntos y Recompensas<\/option><option value=\"-- WooCommerce Cost of Goods\">-- WooCommerce Coste de los bienes<\/option><option value=\"-- WooCommerce Smart Coupons\">-- WooCommerce Cupones inteligentes<\/option><option value=\"-- WooCommerce PDF Vouchers\">-- Vales PDF WooCommerce<\/option><option value=\"-- WooCommerce Payments\">-- Pagos WooCommerce<\/option><option value=\"-- WooCommerce Gift Cards\">-- Tarjetas regalo WooCommerce<\/option><option value=\"-- Donation For WooCommerce\">-- Donaci\u00f3n para WooCommerce<\/option><option value=\"-- WCFM Marketplace\">-- WCFM Marketplace<\/option><option value=\"-- WC Marketplace\">-- WC Marketplace<\/option><option value=\"-- Cost of Goods for WooCommerce\">-- Coste de las mercanc\u00edas para WooCommerce<\/option><option value=\"-- Discount Rules for WooCommerce\">-- Normas de descuento para WooCommerce<\/option><option value=\"-- Mailchimp for WooCommerce\">-- Mailchimp para WooCommerce<\/option><option value=\"-- Dynamic Pricing\">-- Precios din\u00e1micos<\/option><option value=\"-- Checkout field editor\">-- Editor de campos de pago<\/option><option value=\"-- Shipment Tracking\">-- Seguimiento de env\u00edos<\/option><option value=\"-- Booster Pro for WooCommerce\">-- Booster Pro para WooCommerce<\/option><option value=\"-- Groups Plugin\">-- Plugin Grupos<\/option><option value=\"-- Integrate with Composite Products\">-- Integrar con productos compuestos<\/option><option value=\"-- Integrate with Xero accounting program\">-- Integrar con el programa de contabilidad Xero<\/option><option value=\"-- Product GTIN (EAN, UPC, ISBN) for WooCommerce\">-- GTIN del producto (EAN, UPC, ISBN) para WooCommerce<\/option><option value=\"-- Product exchanges\">-- Intercambio de productos<\/option><option value=\"-- Chinese language support\">-- Asistencia en chino<\/option><option value=\"-- Receipt template customization\">-- Personalizaci\u00f3n de plantillas de recibos<\/option><option value=\"-- Guest order email receipt\">-- Recibo de pedido por correo electr\u00f3nico<\/option><option value=\"-- Scan customer store card\">-- Escanear la tarjeta de la tienda del cliente<\/option><option value=\"-- Stripe MOTO payments\">-- Stripe MOTO pagos<\/option><option value=\"-- FooSales iPhone app (iOS)\">-- Aplicaci\u00f3n FooSales para iPhone (iOS)<\/option><option value=\"-- FooSales Phone app (Android)\">-- Aplicaci\u00f3n FooSales Phone (Android)<\/option><option value=\"-- Star Micronics cash drawer integration\">-- Star Integraci\u00f3n de cajones portamonedas Micronics<\/option><option value=\"-- NF525 Compliance\">-- Conformidad NF525<\/option><\/select><\/span>\n<\/p>\n<p><span class=\"wpcf7-form-control-wrap\" data-name=\"your-consent\"><span class=\"wpcf7-form-control wpcf7-acceptance\"><span class=\"wpcf7-list-item\"><label><input type=\"checkbox\" name=\"your-consent\" value=\"1\" aria-invalid=\"false\" \/><span class=\"wpcf7-list-item-label\">Estoy de acuerdo en recibir notificaciones de funciones y acepto las <a href=\"https:\/\/www.foosales.com\/privacy-statement-us?cmplz_region_redirect=true\" title=\"FooSales Declaraci\u00f3n de privacidad\" target=\"_blank\" rel=\"noopener\">FooSales Declaraci\u00f3n de privacidad<\/a>.<\/span><\/label><\/span><\/span><\/span>\n<\/p>\n<p><input class=\"wpcf7-form-control wpcf7-submit has-spinner\" type=\"submit\" value=\"Enviar\" \/>\n<\/p><div class=\"wpcf7-response-output\" aria-hidden=\"true\"><\/div>\n<input type=\"hidden\" name=\"trp-form-language\" value=\"es\"\/><\/form>\n<\/div>\n<\/div> \t\t\t<script>\r\n \t\t\t        var theform = document.querySelector('.void-cf7-0');\r\n\t\t\t\t\t\ttheform.addEventListener( 'wpcf7mailsent', function( event ) {\r\n\t\t\t\t\t    location = 'https:\/\/help.foosales.com\/es\/contact\/feature-notifications\/';\r\n\t\t\t\t\t}, false );\r\n\t\t\t<\/script>\r\n\r\n\t\t\t\t\t\t<\/div>\n\t\t\t\t<\/div>\n\t\t\t\t<div class=\"elementor-element elementor-element-b5ddd46 elementor-widget elementor-widget-text-editor\" data-id=\"b5ddd46\" data-element_type=\"widget\" data-e-type=\"widget\" data-widget_type=\"text-editor.default\">\n\t\t\t\t<div class=\"elementor-widget-container\">\n\t\t\t\t\t\t\t\t\tUtilizamos Brevo como plataforma de marketing. Al enviar este formulario usted acepta que los datos personales que nos ha proporcionado sean transferidos a Brevo para su tratamiento de acuerdo con <a href=\"https:\/\/www.brevo.com\/en\/legal\/privacypolicy\/\" target=\"_blank\" rel=\"noopener nofollow\">Pol\u00edtica de privacidad de Brevo.<\/a>\t\t\t\t\t\t\t\t<\/div>\n\t\t\t\t<\/div>\n\t\t\t\t\t<\/div>\n\t\t<\/div>\n\t\t\t\t<div class=\"elementor-column elementor-col-16 elementor-top-column elementor-element elementor-element-5a2335d9\" data-id=\"5a2335d9\" data-element_type=\"column\" data-e-type=\"column\">\n\t\t\t<div class=\"elementor-widget-wrap\">\n\t\t\t\t\t\t\t<\/div>\n\t\t<\/div>\n\t\t\t\t\t<\/div>\n\t\t<\/section>\n\t\t\t\t<\/div>","protected":false},"excerpt":{"rendered":"<p>Feature Notifications Get notified as soon as we launch features you are interested in. Enter your details and we will send you an email when the feature is available. The features listed below are based on various internal and customer submitted suggestions. Each feature is reviewed and assessed in terms of interest, usefulness, technical feasibility [&hellip;]<\/p>\n","protected":false},"author":1,"featured_media":0,"parent":53342,"menu_order":0,"comment_status":"closed","ping_status":"closed","template":"elementor_header_footer","meta":{"site-sidebar-layout":"no-sidebar","site-content-layout":"page-builder","ast-site-content-layout":"default","site-content-style":"default","site-sidebar-style":"default","ast-global-header-display":"","ast-banner-title-visibility":"","ast-main-header-display":"","ast-hfb-above-header-display":"","ast-hfb-below-header-display":"","ast-hfb-mobile-header-display":"","site-post-title":"disabled","ast-breadcrumbs-content":"","ast-featured-img":"disabled","footer-sml-layout":"","ast-disable-related-posts":"","theme-transparent-header-meta":"default","adv-header-id-meta":"","stick-header-meta":"default","header-above-stick-meta":"","header-main-stick-meta":"","header-below-stick-meta":"","astra-migrate-meta-layouts":"default","ast-page-background-enabled":"default","ast-page-background-meta":{"desktop":{"background-color":"","background-image":"","background-repeat":"repeat","background-position":"center center","background-size":"auto","background-attachment":"scroll","background-type":"","background-media":"","overlay-type":"","overlay-color":"","overlay-opacity":"","overlay-gradient":""},"tablet":{"background-color":"","background-image":"","background-repeat":"repeat","background-position":"center center","background-size":"auto","background-attachment":"scroll","background-type":"","background-media":"","overlay-type":"","overlay-color":"","overlay-opacity":"","overlay-gradient":""},"mobile":{"background-color":"","background-image":"","background-repeat":"repeat","background-position":"center center","background-size":"auto","background-attachment":"scroll","background-type":"","background-media":"","overlay-type":"","overlay-color":"","overlay-opacity":"","overlay-gradient":""}},"ast-content-background-meta":{"desktop":{"background-color":"var(--ast-global-color-5)","background-image":"","background-repeat":"repeat","background-position":"center center","background-size":"auto","background-attachment":"scroll","background-type":"","background-media":"","overlay-type":"","overlay-color":"","overlay-opacity":"","overlay-gradient":""},"tablet":{"background-color":"var(--ast-global-color-5)","background-image":"","background-repeat":"repeat","background-position":"center center","background-size":"auto","background-attachment":"scroll","background-type":"","background-media":"","overlay-type":"","overlay-color":"","overlay-opacity":"","overlay-gradient":""},"mobile":{"background-color":"var(--ast-global-color-5)","background-image":"","background-repeat":"repeat","background-position":"center center","background-size":"auto","background-attachment":"scroll","background-type":"","background-media":"","overlay-type":"","overlay-color":"","overlay-opacity":"","overlay-gradient":""}},"footnotes":""},"class_list":["post-53327","page","type-page","status-publish","hentry"],"featured_image_src":null,"featured_image_src_square":null,"_links":{"self":[{"href":"https:\/\/help.foosales.com\/es\/wp-json\/wp\/v2\/pages\/53327","targetHints":{"allow":["GET"]}}],"collection":[{"href":"https:\/\/help.foosales.com\/es\/wp-json\/wp\/v2\/pages"}],"about":[{"href":"https:\/\/help.foosales.com\/es\/wp-json\/wp\/v2\/types\/page"}],"author":[{"embeddable":true,"href":"https:\/\/help.foosales.com\/es\/wp-json\/wp\/v2\/users\/1"}],"replies":[{"embeddable":true,"href":"https:\/\/help.foosales.com\/es\/wp-json\/wp\/v2\/comments?post=53327"}],"version-history":[{"count":1,"href":"https:\/\/help.foosales.com\/es\/wp-json\/wp\/v2\/pages\/53327\/revisions"}],"predecessor-version":[{"id":55963,"href":"https:\/\/help.foosales.com\/es\/wp-json\/wp\/v2\/pages\/53327\/revisions\/55963"}],"up":[{"embeddable":true,"href":"https:\/\/help.foosales.com\/es\/wp-json\/wp\/v2\/pages\/53342"}],"wp:attachment":[{"href":"https:\/\/help.foosales.com\/es\/wp-json\/wp\/v2\/media?parent=53327"}],"curies":[{"name":"wp","href":"https:\/\/api.w.org\/{rel}","templated":true}]}}