{"id":53327,"date":"2021-01-14T05:51:39","date_gmt":"2021-01-14T12:51:39","guid":{"rendered":"https:\/\/help.foosales.com\/?page_id=53327"},"modified":"2024-12-04T20:41:50","modified_gmt":"2024-12-05T03:41:50","slug":"notifications-de-caracteristiques","status":"publish","type":"page","link":"https:\/\/help.foosales.com\/fr\/contact\/feature-notifications\/","title":{"rendered":"Notifications de fonctionnalit\u00e9s"},"content":{"rendered":"<div data-elementor-type=\"wp-page\" data-elementor-id=\"53327\" class=\"elementor elementor-53327\">\n\t\t\t\t\t\t<section class=\"elementor-section elementor-top-section elementor-element elementor-element-6f2a0db1 elementor-section-boxed elementor-section-height-default elementor-section-height-default\" data-id=\"6f2a0db1\" data-element_type=\"section\" data-e-type=\"section\">\n\t\t\t\t\t\t<div class=\"elementor-container elementor-column-gap-default\">\n\t\t\t\t\t<div class=\"elementor-column elementor-col-16 elementor-top-column elementor-element elementor-element-73bc489a\" data-id=\"73bc489a\" data-element_type=\"column\" data-e-type=\"column\">\n\t\t\t<div class=\"elementor-widget-wrap\">\n\t\t\t\t\t\t\t<\/div>\n\t\t<\/div>\n\t\t\t\t<div class=\"elementor-column elementor-col-66 elementor-top-column elementor-element elementor-element-4e4ab755\" data-id=\"4e4ab755\" data-element_type=\"column\" data-e-type=\"column\">\n\t\t\t<div class=\"elementor-widget-wrap elementor-element-populated\">\n\t\t\t\t\t\t<div class=\"elementor-element elementor-element-475cfe87 elementor-widget elementor-widget-heading\" data-id=\"475cfe87\" data-element_type=\"widget\" data-e-type=\"widget\" data-widget_type=\"heading.default\">\n\t\t\t\t<div class=\"elementor-widget-container\">\n\t\t\t\t\t<h2 class=\"elementor-heading-title elementor-size-xxl\">Notifications de fonctionnalit\u00e9s<\/h2>\t\t\t\t<\/div>\n\t\t\t\t<\/div>\n\t\t\t\t<div class=\"elementor-element elementor-element-1bba5e34 elementor-widget elementor-widget-heading\" data-id=\"1bba5e34\" data-element_type=\"widget\" data-e-type=\"widget\" data-widget_type=\"heading.default\">\n\t\t\t\t<div class=\"elementor-widget-container\">\n\t\t\t\t\t<h3 class=\"elementor-heading-title elementor-size-default\">Soyez inform\u00e9 d\u00e8s que nous lan\u00e7ons des fonctionnalit\u00e9s qui vous int\u00e9ressent. Saisissez vos coordonn\u00e9es et nous vous enverrons un courriel lorsque la fonctionnalit\u00e9 sera disponible.<\/h3>\t\t\t\t<\/div>\n\t\t\t\t<\/div>\n\t\t\t\t<div class=\"elementor-element elementor-element-4fc8fbd elementor-widget elementor-widget-text-editor\" data-id=\"4fc8fbd\" data-element_type=\"widget\" data-e-type=\"widget\" data-widget_type=\"text-editor.default\">\n\t\t\t\t<div class=\"elementor-widget-container\">\n\t\t\t\t\t\t\t\t\t<p><span style=\"font-size: 15px; font-style: normal; font-weight: 400;\">Les fonctionnalit\u00e9s \u00e9num\u00e9r\u00e9es ci-dessous sont bas\u00e9es sur diverses suggestions internes et soumises par les clients. Chaque fonctionnalit\u00e9 est examin\u00e9e et \u00e9valu\u00e9e en termes d'int\u00e9r\u00eat, d'utilit\u00e9, de faisabilit\u00e9 technique et de ressources disponibles. En fonction de ce processus continu de r\u00e9vision des fonctionnalit\u00e9s, il n'est pas garanti que toutes les fonctionnalit\u00e9s soient mises en \u0153uvre.<\/span><\/p>\t\t\t\t\t\t\t\t<\/div>\n\t\t\t\t<\/div>\n\t\t\t\t<div class=\"elementor-element elementor-element-66941b39 elementor-widget elementor-widget-void-section-cf7\" data-id=\"66941b39\" data-element_type=\"widget\" data-e-type=\"widget\" data-widget_type=\"void-section-cf7.default\">\n\t\t\t\t<div class=\"elementor-widget-container\">\n\t\t\t\t\t<div class=\"void-cf7-form-widget-wrapper elementor-shortcode void-cf7-0\" data-void-cf7-contact-form-id=\"22866\">\n<div class=\"wpcf7 no-js\" id=\"wpcf7-f22866-o1\" lang=\"en-US\" dir=\"ltr\" data-wpcf7-id=\"22866\">\n<div class=\"screen-reader-response\"><p role=\"status\" aria-live=\"polite\" aria-atomic=\"true\"><\/p> <ul><\/ul><\/div>\n<form action=\"\/fr\/wp-json\/wp\/v2\/pages\/53327#wpcf7-f22866-o1\" method=\"post\" class=\"wpcf7-form init\" aria-label=\"Formulaire de contact\" novalidate=\"novalidate\" data-status=\"init\" data-trp-original-action=\"\/fr\/wp-json\/wp\/v2\/pages\/53327#wpcf7-f22866-o1\">\n<fieldset class=\"hidden-fields-container\"><input type=\"hidden\" name=\"_wpcf7\" value=\"22866\" \/><input type=\"hidden\" name=\"_wpcf7_version\" value=\"6.1.5\" \/><input type=\"hidden\" name=\"_wpcf7_locale\" value=\"en_US\" \/><input type=\"hidden\" name=\"_wpcf7_unit_tag\" value=\"wpcf7-f22866-o1\" \/><input type=\"hidden\" name=\"_wpcf7_container_post\" value=\"0\" \/><input type=\"hidden\" name=\"_wpcf7_posted_data_hash\" value=\"\" \/>\n<\/fieldset>\n<p><span class=\"wpcf7-form-control-wrap\" data-name=\"your-name\"><input size=\"40\" maxlength=\"400\" class=\"wpcf7-form-control wpcf7-text wpcf7-validates-as-required\" aria-required=\"true\" aria-invalid=\"false\" placeholder=\"Nom complet *\" value=\"\" type=\"text\" name=\"your-name\" \/><\/span>\n<\/p>\n<p><span class=\"wpcf7-form-control-wrap\" data-name=\"your-email\"><input size=\"40\" maxlength=\"400\" class=\"wpcf7-form-control wpcf7-email wpcf7-validates-as-required wpcf7-text wpcf7-validates-as-email\" aria-required=\"true\" aria-invalid=\"false\" placeholder=\"Adresse \u00e9lectronique *\" value=\"\" type=\"email\" name=\"your-email\" \/><\/span>\n<\/p>\n<p><span class=\"wpcf7-form-control-wrap\" data-name=\"feature_fs\"><select class=\"wpcf7-form-control wpcf7-select\" aria-invalid=\"false\" name=\"feature_fs\"><option value=\"\">Veuillez s\u00e9lectionner une caract\u00e9ristique :<\/option><option value=\"-- WooCommerce Brands Support\">-- WooCommerce Brands Support<\/option><option value=\"-- Technical safety device (TSE) support (Germany)\">-- Soutien aux dispositifs techniques de s\u00e9curit\u00e9 (TSE) (Allemagne)<\/option><option value=\"-- Daily cash float facility\">-- Facilit\u00e9 de tr\u00e9sorerie journali\u00e8re<\/option><option value=\"-- Display additional order information\">-- Afficher des informations suppl\u00e9mentaires sur la commande<\/option><option value=\"-- Order popup alert\">-- Alerte pop-up de commande<\/option><option value=\"-- Custom Invoices QR codes\">-- Factures personnalis\u00e9es Codes QR<\/option><option value=\"-- Customize cart product prices\">-- Personnaliser les prix des produits du panier<\/option><option value=\"-- Additional EPSON printer support\">-- Prise en charge suppl\u00e9mentaire de l'imprimante EPSON<\/option><option value=\"-- Product management\">-- Gestion des produits<\/option><option value=\"-- Store location management\">-- Gestion de la localisation des magasins<\/option><option value=\"-- POS only products\">-- Produits POS uniquement<\/option><option value=\"-- Add products through POS\">-- Ajouter des produits par l'interm\u00e9diaire de POS<\/option><option value=\"-- Order level discounts\">-- Remises au niveau de la commande<\/option><option value=\"-- Custom Branding - Logo and colors\">-- Marquage personnalis\u00e9 - Logo et couleurs<\/option><option value=\"-- Edit orders\">-- Editer les commandes<\/option><option value=\"-- Order status management (in progress, shipped, ready)\">-- Gestion de l'\u00e9tat des commandes (en cours, exp\u00e9di\u00e9es, pr\u00eates)<\/option><option value=\"-- Order status filter\">-- Filtre sur le statut de la commande<\/option><option value=\"-- Customer order history\">-- Historique des commandes des clients<\/option><option value=\"-- Authentication via device code\">-- Authentification par le code de l'appareil<\/option><option value=\"-- Advanced FooEvents integration (ticket printing, seat selection and booking slots)\">-- Int\u00e9gration avanc\u00e9e de FooEvents (impression de billets, s\u00e9lection de si\u00e8ges et r\u00e9servation de cr\u00e9neaux horaires)<\/option><option value=\"-- Backorder support\">-- Soutien aux commandes en souffrance<\/option><option value=\"-- Split payments\">-- Paiements fractionn\u00e9s<\/option><option value=\"-- Order Barcodes\">-- Commander des codes-barres<\/option><option value=\"-- PayPal Here integration\">-- Int\u00e9gration de PayPal Here<\/option><option value=\"-- Zettle integration\">-- Int\u00e9gration de Zettle<\/option><option value=\"-- Mollie integration\">-- Mollie integration<\/option><option value=\"-- SumUp integration\">-- Int\u00e9gration de SumUp<\/option><option value=\"-- Barcode printing\">-- Impression de codes \u00e0 barres<\/option><option value=\"-- Set App default tax rate\">-- Fixer le taux d'imposition par d\u00e9faut de l'App<\/option><option value=\"-- Add custom fields on checkout\">-- Ajouter des champs personnalis\u00e9s lors du paiement<\/option><option value=\"-- Add tip\/gratuity on checkout\">-- Ajouter le pourboire\/la gratification \u00e0 la caisse<\/option><option value=\"-- Different prices for POS products\">-- Diff\u00e9rents prix pour les produits POS<\/option><option value=\"-- Stock location management\">-- Gestion de l'emplacement des stocks<\/option><option value=\"-- Teller user management\">-- Gestion des utilisateurs du guichet<\/option><option value=\"-- Self Checkout\">-- Autocontr\u00f4le<\/option><option value=\"-- Manage product prices and stock quantities\">-- G\u00e9rer les prix des produits et les quantit\u00e9s en stock<\/option><option value=\"-- AutomateWoo\">-- AutomateWoo<\/option><option value=\"-- WooCommerce Product Vendors\">-- WooCommerce Vendeurs de produits<\/option><option value=\"-- WooCommerce Product Add-ons\">-- WooCommerce Produits compl\u00e9mentaires<\/option><option value=\"-- Support for WooCommerce Product Add-ons on iPad and Android Tablet\">-- Prise en charge des compl\u00e9ments de produit WooCommerce sur iPad et tablette Android<\/option><option value=\"-- WooCommerce Points and Rewards\">-- WooCommerce Points et r\u00e9compenses<\/option><option value=\"-- WooCommerce Subscriptions\">-- WooCommerce Abonnements<\/option><option value=\"-- WooCommerce Deposits\">-- WooCommerce D\u00e9p\u00f4ts<\/option><option value=\"-- WooCommerce Store Credit\">-- WooCommerce Cr\u00e9dit magasin<\/option><option value=\"-- WooCommerce Product Bundles\">-- Ensembles de produits WooCommerce<\/option><option value=\"-- WooCommerce Memberships\">-- WooCommerce Adh\u00e9sion<\/option><option value=\"-- WooCommerce Bookings\">-- WooCommerce R\u00e9servations<\/option><option value=\"-- WooCommerce Points and Rewards\">-- WooCommerce Points et r\u00e9compenses<\/option><option value=\"-- WooCommerce Cost of Goods\">-- WooCommerce Co\u00fbt des marchandises<\/option><option value=\"-- WooCommerce Smart Coupons\">-- WooCommerce Coupons intelligents<\/option><option value=\"-- WooCommerce PDF Vouchers\">-- WooCommerce PDF Vouchers<\/option><option value=\"-- WooCommerce Payments\">-- WooCommerce Paiements<\/option><option value=\"-- WooCommerce Gift Cards\">-- Cartes-cadeaux WooCommerce<\/option><option value=\"-- Donation For WooCommerce\">-- Donation pour WooCommerce<\/option><option value=\"-- WCFM Marketplace\">-- WCFM Marketplace<\/option><option value=\"-- WC Marketplace\">-- WC Marketplace<\/option><option value=\"-- Cost of Goods for WooCommerce\">-- Co\u00fbt des marchandises pour WooCommerce<\/option><option value=\"-- Discount Rules for WooCommerce\">-- R\u00e8gles de r\u00e9duction pour WooCommerce<\/option><option value=\"-- Mailchimp for WooCommerce\">-- Mailchimp pour WooCommerce<\/option><option value=\"-- Dynamic Pricing\">-- La tarification dynamique<\/option><option value=\"-- Checkout field editor\">-- \u00c9diteur de champs de paiement<\/option><option value=\"-- Shipment Tracking\">-- Suivi des envois<\/option><option value=\"-- Booster Pro for WooCommerce\">-- Booster Pro pour WooCommerce<\/option><option value=\"-- Groups Plugin\">-- Plugin pour les groupes<\/option><option value=\"-- Integrate with Composite Products\">-- Int\u00e9grer les produits composites<\/option><option value=\"-- Integrate with Xero accounting program\">-- Int\u00e9grer le programme de comptabilit\u00e9 Xero<\/option><option value=\"-- Product GTIN (EAN, UPC, ISBN) for WooCommerce\">-- GTIN du produit (EAN, UPC, ISBN) pour WooCommerce<\/option><option value=\"-- Product exchanges\">-- \u00c9changes de produits<\/option><option value=\"-- Chinese language support\">-- Prise en charge de la langue chinoise<\/option><option value=\"-- Receipt template customization\">-- Personnalisation du mod\u00e8le de re\u00e7u<\/option><option value=\"-- Guest order email receipt\">-- R\u00e9ception par courriel de la commande de l'invit\u00e9<\/option><option value=\"-- Scan customer store card\">-- Scanner la carte de magasin du client<\/option><option value=\"-- Stripe MOTO payments\">-- Stripe MOTO paiements<\/option><option value=\"-- FooSales iPhone app (iOS)\">-- FooSales application iPhone (iOS)<\/option><option value=\"-- FooSales Phone app (Android)\">-- FooSales Phone app (Android)<\/option><option value=\"-- Star Micronics cash drawer integration\">-- Star Micronics int\u00e9gration des tiroirs-caisses<\/option><option value=\"-- NF525 Compliance\">-- Conformit\u00e9 \u00e0 la norme NF525<\/option><\/select><\/span>\n<\/p>\n<p><span class=\"wpcf7-form-control-wrap\" data-name=\"your-consent\"><span class=\"wpcf7-form-control wpcf7-acceptance\"><span class=\"wpcf7-list-item\"><label><input type=\"checkbox\" name=\"your-consent\" value=\"1\" aria-invalid=\"false\" \/><span class=\"wpcf7-list-item-label\">J'accepte de recevoir des notifications de fonctionnalit\u00e9s et j'accepte les <a href=\"https:\/\/www.foosales.com\/privacy-statement-us?cmplz_region_redirect=true\" title=\"FooSales D\u00e9claration de confidentialit\u00e9\" target=\"_blank\" rel=\"noopener\">FooSales D\u00e9claration de confidentialit\u00e9<\/a>.<\/span><\/label><\/span><\/span><\/span>\n<\/p>\n<p><input class=\"wpcf7-form-control wpcf7-submit has-spinner\" type=\"submit\" value=\"Soumettre\" \/>\n<\/p><div class=\"wpcf7-response-output\" aria-hidden=\"true\"><\/div>\n<input type=\"hidden\" name=\"trp-form-language\" value=\"fr\"\/><\/form>\n<\/div>\n<\/div> \t\t\t<script>\r\n \t\t\t        var theform = document.querySelector('.void-cf7-0');\r\n\t\t\t\t\t\ttheform.addEventListener( 'wpcf7mailsent', function( event ) {\r\n\t\t\t\t\t    location = 'https:\/\/help.foosales.com\/fr\/contact\/feature-notifications\/';\r\n\t\t\t\t\t}, false );\r\n\t\t\t<\/script>\r\n\r\n\t\t\t\t\t\t<\/div>\n\t\t\t\t<\/div>\n\t\t\t\t<div class=\"elementor-element elementor-element-b5ddd46 elementor-widget elementor-widget-text-editor\" data-id=\"b5ddd46\" data-element_type=\"widget\" data-e-type=\"widget\" data-widget_type=\"text-editor.default\">\n\t\t\t\t<div class=\"elementor-widget-container\">\n\t\t\t\t\t\t\t\t\tNous utilisons Brevo comme plateforme de marketing. En soumettant ce formulaire, vous acceptez que les donn\u00e9es personnelles que vous avez fournies soient transf\u00e9r\u00e9es \u00e0 Brevo pour \u00eatre trait\u00e9es conform\u00e9ment \u00e0 <a href=\"https:\/\/www.brevo.com\/en\/legal\/privacypolicy\/\" target=\"_blank\" rel=\"noopener nofollow\">Politique de confidentialit\u00e9 de Brevo.<\/a>\t\t\t\t\t\t\t\t<\/div>\n\t\t\t\t<\/div>\n\t\t\t\t\t<\/div>\n\t\t<\/div>\n\t\t\t\t<div class=\"elementor-column elementor-col-16 elementor-top-column elementor-element elementor-element-5a2335d9\" data-id=\"5a2335d9\" data-element_type=\"column\" data-e-type=\"column\">\n\t\t\t<div class=\"elementor-widget-wrap\">\n\t\t\t\t\t\t\t<\/div>\n\t\t<\/div>\n\t\t\t\t\t<\/div>\n\t\t<\/section>\n\t\t\t\t<\/div>","protected":false},"excerpt":{"rendered":"<p>Feature Notifications Get notified as soon as we launch features you are interested in. Enter your details and we will send you an email when the feature is available. The features listed below are based on various internal and customer submitted suggestions. Each feature is reviewed and assessed in terms of interest, usefulness, technical feasibility [&hellip;]<\/p>\n","protected":false},"author":1,"featured_media":0,"parent":53342,"menu_order":0,"comment_status":"closed","ping_status":"closed","template":"elementor_header_footer","meta":{"site-sidebar-layout":"no-sidebar","site-content-layout":"page-builder","ast-site-content-layout":"default","site-content-style":"default","site-sidebar-style":"default","ast-global-header-display":"","ast-banner-title-visibility":"","ast-main-header-display":"","ast-hfb-above-header-display":"","ast-hfb-below-header-display":"","ast-hfb-mobile-header-display":"","site-post-title":"disabled","ast-breadcrumbs-content":"","ast-featured-img":"disabled","footer-sml-layout":"","ast-disable-related-posts":"","theme-transparent-header-meta":"default","adv-header-id-meta":"","stick-header-meta":"default","header-above-stick-meta":"","header-main-stick-meta":"","header-below-stick-meta":"","astra-migrate-meta-layouts":"default","ast-page-background-enabled":"default","ast-page-background-meta":{"desktop":{"background-color":"","background-image":"","background-repeat":"repeat","background-position":"center center","background-size":"auto","background-attachment":"scroll","background-type":"","background-media":"","overlay-type":"","overlay-color":"","overlay-opacity":"","overlay-gradient":""},"tablet":{"background-color":"","background-image":"","background-repeat":"repeat","background-position":"center center","background-size":"auto","background-attachment":"scroll","background-type":"","background-media":"","overlay-type":"","overlay-color":"","overlay-opacity":"","overlay-gradient":""},"mobile":{"background-color":"","background-image":"","background-repeat":"repeat","background-position":"center center","background-size":"auto","background-attachment":"scroll","background-type":"","background-media":"","overlay-type":"","overlay-color":"","overlay-opacity":"","overlay-gradient":""}},"ast-content-background-meta":{"desktop":{"background-color":"var(--ast-global-color-5)","background-image":"","background-repeat":"repeat","background-position":"center center","background-size":"auto","background-attachment":"scroll","background-type":"","background-media":"","overlay-type":"","overlay-color":"","overlay-opacity":"","overlay-gradient":""},"tablet":{"background-color":"var(--ast-global-color-5)","background-image":"","background-repeat":"repeat","background-position":"center center","background-size":"auto","background-attachment":"scroll","background-type":"","background-media":"","overlay-type":"","overlay-color":"","overlay-opacity":"","overlay-gradient":""},"mobile":{"background-color":"var(--ast-global-color-5)","background-image":"","background-repeat":"repeat","background-position":"center center","background-size":"auto","background-attachment":"scroll","background-type":"","background-media":"","overlay-type":"","overlay-color":"","overlay-opacity":"","overlay-gradient":""}},"footnotes":""},"class_list":["post-53327","page","type-page","status-publish","hentry"],"featured_image_src":null,"featured_image_src_square":null,"_links":{"self":[{"href":"https:\/\/help.foosales.com\/fr\/wp-json\/wp\/v2\/pages\/53327","targetHints":{"allow":["GET"]}}],"collection":[{"href":"https:\/\/help.foosales.com\/fr\/wp-json\/wp\/v2\/pages"}],"about":[{"href":"https:\/\/help.foosales.com\/fr\/wp-json\/wp\/v2\/types\/page"}],"author":[{"embeddable":true,"href":"https:\/\/help.foosales.com\/fr\/wp-json\/wp\/v2\/users\/1"}],"replies":[{"embeddable":true,"href":"https:\/\/help.foosales.com\/fr\/wp-json\/wp\/v2\/comments?post=53327"}],"version-history":[{"count":1,"href":"https:\/\/help.foosales.com\/fr\/wp-json\/wp\/v2\/pages\/53327\/revisions"}],"predecessor-version":[{"id":55963,"href":"https:\/\/help.foosales.com\/fr\/wp-json\/wp\/v2\/pages\/53327\/revisions\/55963"}],"up":[{"embeddable":true,"href":"https:\/\/help.foosales.com\/fr\/wp-json\/wp\/v2\/pages\/53342"}],"wp:attachment":[{"href":"https:\/\/help.foosales.com\/fr\/wp-json\/wp\/v2\/media?parent=53327"}],"curies":[{"name":"wp","href":"https:\/\/api.w.org\/{rel}","templated":true}]}}