{"id":53327,"date":"2021-01-14T05:51:39","date_gmt":"2021-01-14T12:51:39","guid":{"rendered":"https:\/\/help.foosales.com\/?page_id=53327"},"modified":"2024-12-04T20:41:50","modified_gmt":"2024-12-05T03:41:50","slug":"notifiche-di-funzionalita","status":"publish","type":"page","link":"https:\/\/help.foosales.com\/it\/contact\/feature-notifications\/","title":{"rendered":"Notifiche di funzionalit\u00e0"},"content":{"rendered":"<div data-elementor-type=\"wp-page\" data-elementor-id=\"53327\" class=\"elementor elementor-53327\">\n\t\t\t\t\t\t<section class=\"elementor-section elementor-top-section elementor-element elementor-element-6f2a0db1 elementor-section-boxed elementor-section-height-default elementor-section-height-default\" data-id=\"6f2a0db1\" data-element_type=\"section\" data-e-type=\"section\">\n\t\t\t\t\t\t<div class=\"elementor-container elementor-column-gap-default\">\n\t\t\t\t\t<div class=\"elementor-column elementor-col-16 elementor-top-column elementor-element elementor-element-73bc489a\" data-id=\"73bc489a\" data-element_type=\"column\" data-e-type=\"column\">\n\t\t\t<div class=\"elementor-widget-wrap\">\n\t\t\t\t\t\t\t<\/div>\n\t\t<\/div>\n\t\t\t\t<div class=\"elementor-column elementor-col-66 elementor-top-column elementor-element elementor-element-4e4ab755\" data-id=\"4e4ab755\" data-element_type=\"column\" data-e-type=\"column\">\n\t\t\t<div class=\"elementor-widget-wrap elementor-element-populated\">\n\t\t\t\t\t\t<div class=\"elementor-element elementor-element-475cfe87 elementor-widget elementor-widget-heading\" data-id=\"475cfe87\" data-element_type=\"widget\" data-e-type=\"widget\" data-widget_type=\"heading.default\">\n\t\t\t\t<div class=\"elementor-widget-container\">\n\t\t\t\t\t<h2 class=\"elementor-heading-title elementor-size-xxl\">Notifiche di funzionalit\u00e0<\/h2>\t\t\t\t<\/div>\n\t\t\t\t<\/div>\n\t\t\t\t<div class=\"elementor-element elementor-element-1bba5e34 elementor-widget elementor-widget-heading\" data-id=\"1bba5e34\" data-element_type=\"widget\" data-e-type=\"widget\" data-widget_type=\"heading.default\">\n\t\t\t\t<div class=\"elementor-widget-container\">\n\t\t\t\t\t<h3 class=\"elementor-heading-title elementor-size-default\">Ricevi una notifica non appena lanciamo le funzioni che ti interessano. Inserite i vostri dati e vi invieremo un'e-mail quando la funzione sar\u00e0 disponibile.<\/h3>\t\t\t\t<\/div>\n\t\t\t\t<\/div>\n\t\t\t\t<div class=\"elementor-element elementor-element-4fc8fbd elementor-widget elementor-widget-text-editor\" data-id=\"4fc8fbd\" data-element_type=\"widget\" data-e-type=\"widget\" data-widget_type=\"text-editor.default\">\n\t\t\t\t<div class=\"elementor-widget-container\">\n\t\t\t\t\t\t\t\t\t<p><span style=\"font-size: 15px; font-style: normal; font-weight: 400;\">Le funzionalit\u00e0 elencate di seguito si basano su vari suggerimenti interni e dei clienti. Ogni funzionalit\u00e0 viene esaminata e valutata in termini di interesse, utilit\u00e0, fattibilit\u00e0 tecnica e risorse disponibili. In base a questo processo di revisione continuo, non tutte le funzionalit\u00e0 sono garantite per l'implementazione.<\/span><\/p>\t\t\t\t\t\t\t\t<\/div>\n\t\t\t\t<\/div>\n\t\t\t\t<div class=\"elementor-element elementor-element-66941b39 elementor-widget elementor-widget-void-section-cf7\" data-id=\"66941b39\" data-element_type=\"widget\" data-e-type=\"widget\" data-widget_type=\"void-section-cf7.default\">\n\t\t\t\t<div class=\"elementor-widget-container\">\n\t\t\t\t\t<div class=\"void-cf7-form-widget-wrapper elementor-shortcode void-cf7-0\" data-void-cf7-contact-form-id=\"22866\">\n<div class=\"wpcf7 no-js\" id=\"wpcf7-f22866-o1\" lang=\"en-US\" dir=\"ltr\" data-wpcf7-id=\"22866\">\n<div class=\"screen-reader-response\"><p role=\"status\" aria-live=\"polite\" aria-atomic=\"true\"><\/p> <ul><\/ul><\/div>\n<form action=\"\/it\/wp-json\/wp\/v2\/pages\/53327#wpcf7-f22866-o1\" method=\"post\" class=\"wpcf7-form init\" aria-label=\"Modulo di contatto\" novalidate=\"novalidate\" data-status=\"init\" data-trp-original-action=\"\/it\/wp-json\/wp\/v2\/pages\/53327#wpcf7-f22866-o1\">\n<fieldset class=\"hidden-fields-container\"><input type=\"hidden\" name=\"_wpcf7\" value=\"22866\" \/><input type=\"hidden\" name=\"_wpcf7_version\" value=\"6.1.5\" \/><input type=\"hidden\" name=\"_wpcf7_locale\" value=\"en_US\" \/><input type=\"hidden\" name=\"_wpcf7_unit_tag\" value=\"wpcf7-f22866-o1\" \/><input type=\"hidden\" name=\"_wpcf7_container_post\" value=\"0\" \/><input type=\"hidden\" name=\"_wpcf7_posted_data_hash\" value=\"\" \/>\n<\/fieldset>\n<p><span class=\"wpcf7-form-control-wrap\" data-name=\"your-name\"><input size=\"40\" maxlength=\"400\" class=\"wpcf7-form-control wpcf7-text wpcf7-validates-as-required\" aria-required=\"true\" aria-invalid=\"false\" placeholder=\"Nome completo *\" value=\"\" type=\"text\" name=\"your-name\" \/><\/span>\n<\/p>\n<p><span class=\"wpcf7-form-control-wrap\" data-name=\"your-email\"><input size=\"40\" maxlength=\"400\" class=\"wpcf7-form-control wpcf7-email wpcf7-validates-as-required wpcf7-text wpcf7-validates-as-email\" aria-required=\"true\" aria-invalid=\"false\" placeholder=\"Indirizzo e-mail *\" value=\"\" type=\"email\" name=\"your-email\" \/><\/span>\n<\/p>\n<p><span class=\"wpcf7-form-control-wrap\" data-name=\"feature_fs\"><select class=\"wpcf7-form-control wpcf7-select\" aria-invalid=\"false\" name=\"feature_fs\"><option value=\"\">Selezionare una caratteristica:<\/option><option value=\"-- WooCommerce Brands Support\">-- Assistenza ai marchi WooCommerce<\/option><option value=\"-- Technical safety device (TSE) support (Germany)\">-- Supporto per i dispositivi tecnici di sicurezza (TSE) (Germania)<\/option><option value=\"-- Daily cash float facility\">-- Galleggiante di cassa giornaliero<\/option><option value=\"-- Display additional order information\">-- Visualizzazione di informazioni aggiuntive sull'ordine<\/option><option value=\"-- Order popup alert\">-- Avviso popup dell'ordine<\/option><option value=\"-- Custom Invoices QR codes\">-- Fatture personalizzate Codici QR<\/option><option value=\"-- Customize cart product prices\">-- Personalizzare i prezzi dei prodotti del carrello<\/option><option value=\"-- Additional EPSON printer support\">-- Supporto aggiuntivo per la stampante EPSON<\/option><option value=\"-- Product management\">-- Gestione del prodotto<\/option><option value=\"-- Store location management\">-- Gestione della posizione del negozio<\/option><option value=\"-- POS only products\">-- Solo prodotti POS<\/option><option value=\"-- Add products through POS\">-- Aggiungere prodotti tramite POS<\/option><option value=\"-- Order level discounts\">-- Sconti a livello di ordine<\/option><option value=\"-- Custom Branding - Logo and colors\">-- Marchio personalizzato - Logo e colori<\/option><option value=\"-- Edit orders\">-- Modificare gli ordini<\/option><option value=\"-- Order status management (in progress, shipped, ready)\">-- Gestione dello stato dell'ordine (in corso, spedito, pronto)<\/option><option value=\"-- Order status filter\">-- Filtro sullo stato dell'ordine<\/option><option value=\"-- Customer order history\">-- Storico degli ordini dei clienti<\/option><option value=\"-- Authentication via device code\">-- Autenticazione tramite codice dispositivo<\/option><option value=\"-- Advanced FooEvents integration (ticket printing, seat selection and booking slots)\">Integrazione avanzata FooEvents (stampa dei biglietti, selezione dei posti e prenotazione degli slot)<\/option><option value=\"-- Backorder support\">-- Supporto per il backorder<\/option><option value=\"-- Split payments\">-- Split payment<\/option><option value=\"-- Order Barcodes\">-- Codici a barre degli ordini<\/option><option value=\"-- PayPal Here integration\">-- Integrazione con PayPal Qui<\/option><option value=\"-- Zettle integration\">-- Integrazione con Zettle<\/option><option value=\"-- Mollie integration\">-- Integrazione di Mollie<\/option><option value=\"-- SumUp integration\">-- Integrazione di SumUp<\/option><option value=\"-- Barcode printing\">-- Stampa di codici a barre<\/option><option value=\"-- Set App default tax rate\">-- Impostare l'aliquota fiscale predefinita dell'app<\/option><option value=\"-- Add custom fields on checkout\">-- Aggiungere campi personalizzati alla cassa<\/option><option value=\"-- Add tip\/gratuity on checkout\">-- Aggiungere mancia\/gratuit\u00e0 al momento del checkout<\/option><option value=\"-- Different prices for POS products\">-- Prezzi diversi per i prodotti POS<\/option><option value=\"-- Stock location management\">-- Gestione delle scorte<\/option><option value=\"-- Teller user management\">-- Gestione degli utenti dello sportello<\/option><option value=\"-- Self Checkout\">-- Cassa Self Checkout<\/option><option value=\"-- Manage product prices and stock quantities\">-- Gestire i prezzi dei prodotti e le quantit\u00e0 in magazzino<\/option><option value=\"-- AutomateWoo\">-- AutomateWoo<\/option><option value=\"-- WooCommerce Product Vendors\">-- Fornitori di prodotti WooCommerce<\/option><option value=\"-- WooCommerce Product Add-ons\">-- Componenti aggiuntivi del prodotto WooCommerce<\/option><option value=\"-- Support for WooCommerce Product Add-ons on iPad and Android Tablet\">-- Supporto per i componenti aggiuntivi dei prodotti WooCommerce su iPad e tablet Android<\/option><option value=\"-- WooCommerce Points and Rewards\">-- Punti e premi WooCommerce<\/option><option value=\"-- WooCommerce Subscriptions\">-- Abbonamenti WooCommerce<\/option><option value=\"-- WooCommerce Deposits\">-- Depositi WooCommerce<\/option><option value=\"-- WooCommerce Store Credit\">-- Credito del negozio WooCommerce<\/option><option value=\"-- WooCommerce Product Bundles\">-- Pacchetti di prodotti WooCommerce<\/option><option value=\"-- WooCommerce Memberships\">-- Iscrizioni a WooCommerce<\/option><option value=\"-- WooCommerce Bookings\">-- WooCommerce Prenotazioni<\/option><option value=\"-- WooCommerce Points and Rewards\">-- Punti e premi WooCommerce<\/option><option value=\"-- WooCommerce Cost of Goods\">-- WooCommerce Costo del venduto<\/option><option value=\"-- WooCommerce Smart Coupons\">-- WooCommerce Tagliandi intelligenti<\/option><option value=\"-- WooCommerce PDF Vouchers\">-- Buoni PDF WooCommerce<\/option><option value=\"-- WooCommerce Payments\">-- Pagamenti WooCommerce<\/option><option value=\"-- WooCommerce Gift Cards\">-- Carte regalo WooCommerce<\/option><option value=\"-- Donation For WooCommerce\">-- Donazione per WooCommerce<\/option><option value=\"-- WCFM Marketplace\">-- Mercato WCFM<\/option><option value=\"-- WC Marketplace\">-- WC Marketplace<\/option><option value=\"-- Cost of Goods for WooCommerce\">-- Costo del prodotto per WooCommerce<\/option><option value=\"-- Discount Rules for WooCommerce\">-- Regole di sconto per WooCommerce<\/option><option value=\"-- Mailchimp for WooCommerce\">-- Mailchimp per WooCommerce<\/option><option value=\"-- Dynamic Pricing\">-- Prezzi dinamici<\/option><option value=\"-- Checkout field editor\">-- Editor dei campi della cassa<\/option><option value=\"-- Shipment Tracking\">-- Tracciabilit\u00e0 della spedizione<\/option><option value=\"-- Booster Pro for WooCommerce\">-- Booster Pro per WooCommerce<\/option><option value=\"-- Groups Plugin\">-- Plugin Gruppi<\/option><option value=\"-- Integrate with Composite Products\">-- Integrazione con i prodotti compositi<\/option><option value=\"-- Integrate with Xero accounting program\">-- Integrazione con il programma di contabilit\u00e0 Xero<\/option><option value=\"-- Product GTIN (EAN, UPC, ISBN) for WooCommerce\">-- GTIN del prodotto (EAN, UPC, ISBN) per WooCommerce<\/option><option value=\"-- Product exchanges\">-- Scambi di prodotti<\/option><option value=\"-- Chinese language support\">-- Supporto della lingua cinese<\/option><option value=\"-- Receipt template customization\">-- Personalizzazione del modello di ricevuta<\/option><option value=\"-- Guest order email receipt\">-- Ricevuta e-mail dell'ordine dell'ospite<\/option><option value=\"-- Scan customer store card\">-- Scansione della carta del cliente<\/option><option value=\"-- Stripe MOTO payments\">-- Pagamenti Stripe MOTO<\/option><option value=\"-- FooSales iPhone app (iOS)\">-- Applicazione FooSales per iPhone (iOS)<\/option><option value=\"-- FooSales Phone app (Android)\">-- Applicazione telefonica FooSales (Android)<\/option><option value=\"-- Star Micronics cash drawer integration\">-- Integrazione del cassetto portavalori Star Micronics<\/option><option value=\"-- NF525 Compliance\">-- Conformit\u00e0 NF525<\/option><\/select><\/span>\n<\/p>\n<p><span class=\"wpcf7-form-control-wrap\" data-name=\"your-consent\"><span class=\"wpcf7-form-control wpcf7-acceptance\"><span class=\"wpcf7-list-item\"><label><input type=\"checkbox\" name=\"your-consent\" value=\"1\" aria-invalid=\"false\" \/><span class=\"wpcf7-list-item-label\">Accetto di ricevere le notifiche delle funzioni e accetto le condizioni di utilizzo. <a href=\"https:\/\/www.foosales.com\/privacy-statement-us?cmplz_region_redirect=true\" title=\"Dichiarazione sulla privacy di FooSales\" target=\"_blank\" rel=\"noopener\">Dichiarazione sulla privacy di FooSales<\/a>.<\/span><\/label><\/span><\/span><\/span>\n<\/p>\n<p><input class=\"wpcf7-form-control wpcf7-submit has-spinner\" type=\"submit\" value=\"Invia\" \/>\n<\/p><div class=\"wpcf7-response-output\" aria-hidden=\"true\"><\/div>\n<input type=\"hidden\" name=\"trp-form-language\" value=\"it\"\/><\/form>\n<\/div>\n<\/div> \t\t\t<script>\r\n \t\t\t        var theform = document.querySelector('.void-cf7-0');\r\n\t\t\t\t\t\ttheform.addEventListener( 'wpcf7mailsent', function( event ) {\r\n\t\t\t\t\t    location = 'https:\/\/help.foosales.com\/it\/contact\/feature-notifications\/';\r\n\t\t\t\t\t}, false );\r\n\t\t\t<\/script>\r\n\r\n\t\t\t\t\t\t<\/div>\n\t\t\t\t<\/div>\n\t\t\t\t<div class=\"elementor-element elementor-element-b5ddd46 elementor-widget elementor-widget-text-editor\" data-id=\"b5ddd46\" data-element_type=\"widget\" data-e-type=\"widget\" data-widget_type=\"text-editor.default\">\n\t\t\t\t<div class=\"elementor-widget-container\">\n\t\t\t\t\t\t\t\t\tUtilizziamo Brevo come piattaforma di marketing. Inviando questo modulo accettate che i dati personali da voi forniti siano trasferiti a Brevo per essere elaborati in conformit\u00e0 a <a href=\"https:\/\/www.brevo.com\/en\/legal\/privacypolicy\/\" target=\"_blank\" rel=\"noopener nofollow\">Informativa sulla privacy di Brevo.<\/a>\t\t\t\t\t\t\t\t<\/div>\n\t\t\t\t<\/div>\n\t\t\t\t\t<\/div>\n\t\t<\/div>\n\t\t\t\t<div class=\"elementor-column elementor-col-16 elementor-top-column elementor-element elementor-element-5a2335d9\" data-id=\"5a2335d9\" data-element_type=\"column\" data-e-type=\"column\">\n\t\t\t<div class=\"elementor-widget-wrap\">\n\t\t\t\t\t\t\t<\/div>\n\t\t<\/div>\n\t\t\t\t\t<\/div>\n\t\t<\/section>\n\t\t\t\t<\/div>","protected":false},"excerpt":{"rendered":"<p>Feature Notifications Get notified as soon as we launch features you are interested in. Enter your details and we will send you an email when the feature is available. The features listed below are based on various internal and customer submitted suggestions. Each feature is reviewed and assessed in terms of interest, usefulness, technical feasibility [&hellip;]<\/p>\n","protected":false},"author":1,"featured_media":0,"parent":53342,"menu_order":0,"comment_status":"closed","ping_status":"closed","template":"elementor_header_footer","meta":{"site-sidebar-layout":"no-sidebar","site-content-layout":"page-builder","ast-site-content-layout":"default","site-content-style":"default","site-sidebar-style":"default","ast-global-header-display":"","ast-banner-title-visibility":"","ast-main-header-display":"","ast-hfb-above-header-display":"","ast-hfb-below-header-display":"","ast-hfb-mobile-header-display":"","site-post-title":"disabled","ast-breadcrumbs-content":"","ast-featured-img":"disabled","footer-sml-layout":"","ast-disable-related-posts":"","theme-transparent-header-meta":"default","adv-header-id-meta":"","stick-header-meta":"default","header-above-stick-meta":"","header-main-stick-meta":"","header-below-stick-meta":"","astra-migrate-meta-layouts":"default","ast-page-background-enabled":"default","ast-page-background-meta":{"desktop":{"background-color":"","background-image":"","background-repeat":"repeat","background-position":"center center","background-size":"auto","background-attachment":"scroll","background-type":"","background-media":"","overlay-type":"","overlay-color":"","overlay-opacity":"","overlay-gradient":""},"tablet":{"background-color":"","background-image":"","background-repeat":"repeat","background-position":"center center","background-size":"auto","background-attachment":"scroll","background-type":"","background-media":"","overlay-type":"","overlay-color":"","overlay-opacity":"","overlay-gradient":""},"mobile":{"background-color":"","background-image":"","background-repeat":"repeat","background-position":"center center","background-size":"auto","background-attachment":"scroll","background-type":"","background-media":"","overlay-type":"","overlay-color":"","overlay-opacity":"","overlay-gradient":""}},"ast-content-background-meta":{"desktop":{"background-color":"var(--ast-global-color-5)","background-image":"","background-repeat":"repeat","background-position":"center center","background-size":"auto","background-attachment":"scroll","background-type":"","background-media":"","overlay-type":"","overlay-color":"","overlay-opacity":"","overlay-gradient":""},"tablet":{"background-color":"var(--ast-global-color-5)","background-image":"","background-repeat":"repeat","background-position":"center center","background-size":"auto","background-attachment":"scroll","background-type":"","background-media":"","overlay-type":"","overlay-color":"","overlay-opacity":"","overlay-gradient":""},"mobile":{"background-color":"var(--ast-global-color-5)","background-image":"","background-repeat":"repeat","background-position":"center center","background-size":"auto","background-attachment":"scroll","background-type":"","background-media":"","overlay-type":"","overlay-color":"","overlay-opacity":"","overlay-gradient":""}},"footnotes":""},"class_list":["post-53327","page","type-page","status-publish","hentry"],"featured_image_src":null,"featured_image_src_square":null,"_links":{"self":[{"href":"https:\/\/help.foosales.com\/it\/wp-json\/wp\/v2\/pages\/53327","targetHints":{"allow":["GET"]}}],"collection":[{"href":"https:\/\/help.foosales.com\/it\/wp-json\/wp\/v2\/pages"}],"about":[{"href":"https:\/\/help.foosales.com\/it\/wp-json\/wp\/v2\/types\/page"}],"author":[{"embeddable":true,"href":"https:\/\/help.foosales.com\/it\/wp-json\/wp\/v2\/users\/1"}],"replies":[{"embeddable":true,"href":"https:\/\/help.foosales.com\/it\/wp-json\/wp\/v2\/comments?post=53327"}],"version-history":[{"count":1,"href":"https:\/\/help.foosales.com\/it\/wp-json\/wp\/v2\/pages\/53327\/revisions"}],"predecessor-version":[{"id":55963,"href":"https:\/\/help.foosales.com\/it\/wp-json\/wp\/v2\/pages\/53327\/revisions\/55963"}],"up":[{"embeddable":true,"href":"https:\/\/help.foosales.com\/it\/wp-json\/wp\/v2\/pages\/53342"}],"wp:attachment":[{"href":"https:\/\/help.foosales.com\/it\/wp-json\/wp\/v2\/media?parent=53327"}],"curies":[{"name":"wp","href":"https:\/\/api.w.org\/{rel}","templated":true}]}}