{"id":53327,"date":"2021-01-14T05:51:39","date_gmt":"2021-01-14T12:51:39","guid":{"rendered":"https:\/\/help.foosales.com\/?page_id=53327"},"modified":"2024-12-04T20:41:50","modified_gmt":"2024-12-05T03:41:50","slug":"powiadomienia-o-funkcjach","status":"publish","type":"page","link":"https:\/\/help.foosales.com\/pl\/contact\/feature-notifications\/","title":{"rendered":"Powiadomienia o funkcjach"},"content":{"rendered":"<div data-elementor-type=\"wp-page\" data-elementor-id=\"53327\" class=\"elementor elementor-53327\">\n\t\t\t\t\t\t<section class=\"elementor-section elementor-top-section elementor-element elementor-element-6f2a0db1 elementor-section-boxed elementor-section-height-default elementor-section-height-default\" data-id=\"6f2a0db1\" data-element_type=\"section\" data-e-type=\"section\">\n\t\t\t\t\t\t<div class=\"elementor-container elementor-column-gap-default\">\n\t\t\t\t\t<div class=\"elementor-column elementor-col-16 elementor-top-column elementor-element elementor-element-73bc489a\" data-id=\"73bc489a\" data-element_type=\"column\" data-e-type=\"column\">\n\t\t\t<div class=\"elementor-widget-wrap\">\n\t\t\t\t\t\t\t<\/div>\n\t\t<\/div>\n\t\t\t\t<div class=\"elementor-column elementor-col-66 elementor-top-column elementor-element elementor-element-4e4ab755\" data-id=\"4e4ab755\" data-element_type=\"column\" data-e-type=\"column\">\n\t\t\t<div class=\"elementor-widget-wrap elementor-element-populated\">\n\t\t\t\t\t\t<div class=\"elementor-element elementor-element-475cfe87 elementor-widget elementor-widget-heading\" data-id=\"475cfe87\" data-element_type=\"widget\" data-e-type=\"widget\" data-widget_type=\"heading.default\">\n\t\t\t\t<div class=\"elementor-widget-container\">\n\t\t\t\t\t<h2 class=\"elementor-heading-title elementor-size-xxl\">Powiadomienia o funkcjach<\/h2>\t\t\t\t<\/div>\n\t\t\t\t<\/div>\n\t\t\t\t<div class=\"elementor-element elementor-element-1bba5e34 elementor-widget elementor-widget-heading\" data-id=\"1bba5e34\" data-element_type=\"widget\" data-e-type=\"widget\" data-widget_type=\"heading.default\">\n\t\t\t\t<div class=\"elementor-widget-container\">\n\t\t\t\t\t<h3 class=\"elementor-heading-title elementor-size-default\">Otrzymuj powiadomienia, gdy tylko uruchomimy interesuj\u0105ce Ci\u0119 funkcje. Wprowad\u017a swoje dane, a wy\u015blemy Ci wiadomo\u015b\u0107 e-mail, gdy funkcja b\u0119dzie dost\u0119pna.<\/h3>\t\t\t\t<\/div>\n\t\t\t\t<\/div>\n\t\t\t\t<div class=\"elementor-element elementor-element-4fc8fbd elementor-widget elementor-widget-text-editor\" data-id=\"4fc8fbd\" data-element_type=\"widget\" data-e-type=\"widget\" data-widget_type=\"text-editor.default\">\n\t\t\t\t<div class=\"elementor-widget-container\">\n\t\t\t\t\t\t\t\t\t<p><span style=\"font-size: 15px; font-style: normal; font-weight: 400;\">Wymienione poni\u017cej funkcje s\u0105 oparte na r\u00f3\u017cnych sugestiach wewn\u0119trznych i przes\u0142anych przez klient\u00f3w. Ka\u017cda funkcja jest sprawdzana i oceniana pod k\u0105tem zainteresowania, przydatno\u015bci, wykonalno\u015bci technicznej i dost\u0119pnych zasob\u00f3w. W zale\u017cno\u015bci od trwaj\u0105cego procesu przegl\u0105du funkcji, nie wszystkie funkcje zostan\u0105 wdro\u017cone.<\/span><\/p>\t\t\t\t\t\t\t\t<\/div>\n\t\t\t\t<\/div>\n\t\t\t\t<div class=\"elementor-element elementor-element-66941b39 elementor-widget elementor-widget-void-section-cf7\" data-id=\"66941b39\" data-element_type=\"widget\" data-e-type=\"widget\" data-widget_type=\"void-section-cf7.default\">\n\t\t\t\t<div class=\"elementor-widget-container\">\n\t\t\t\t\t<div class=\"void-cf7-form-widget-wrapper elementor-shortcode void-cf7-0\" data-void-cf7-contact-form-id=\"22866\">\n<div class=\"wpcf7 no-js\" id=\"wpcf7-f22866-o1\" lang=\"en-US\" dir=\"ltr\" data-wpcf7-id=\"22866\">\n<div class=\"screen-reader-response\"><p role=\"status\" aria-live=\"polite\" aria-atomic=\"true\"><\/p> <ul><\/ul><\/div>\n<form action=\"\/pl\/wp-json\/wp\/v2\/pages\/53327#wpcf7-f22866-o1\" method=\"post\" class=\"wpcf7-form init\" aria-label=\"Formularz kontaktowy\" novalidate=\"novalidate\" data-status=\"init\" data-trp-original-action=\"\/pl\/wp-json\/wp\/v2\/pages\/53327#wpcf7-f22866-o1\">\n<fieldset class=\"hidden-fields-container\"><input type=\"hidden\" name=\"_wpcf7\" value=\"22866\" \/><input type=\"hidden\" name=\"_wpcf7_version\" value=\"6.1.5\" \/><input type=\"hidden\" name=\"_wpcf7_locale\" value=\"en_US\" \/><input type=\"hidden\" name=\"_wpcf7_unit_tag\" value=\"wpcf7-f22866-o1\" \/><input type=\"hidden\" name=\"_wpcf7_container_post\" value=\"0\" \/><input type=\"hidden\" name=\"_wpcf7_posted_data_hash\" value=\"\" \/>\n<\/fieldset>\n<p><span class=\"wpcf7-form-control-wrap\" data-name=\"your-name\"><input size=\"40\" maxlength=\"400\" class=\"wpcf7-form-control wpcf7-text wpcf7-validates-as-required\" aria-required=\"true\" aria-invalid=\"false\" placeholder=\"Imi\u0119 i nazwisko *\" value=\"\" type=\"text\" name=\"your-name\" \/><\/span>\n<\/p>\n<p><span class=\"wpcf7-form-control-wrap\" data-name=\"your-email\"><input size=\"40\" maxlength=\"400\" class=\"wpcf7-form-control wpcf7-email wpcf7-validates-as-required wpcf7-text wpcf7-validates-as-email\" aria-required=\"true\" aria-invalid=\"false\" placeholder=\"Adres e-mail *\" value=\"\" type=\"email\" name=\"your-email\" \/><\/span>\n<\/p>\n<p><span class=\"wpcf7-form-control-wrap\" data-name=\"feature_fs\"><select class=\"wpcf7-form-control wpcf7-select\" aria-invalid=\"false\" name=\"feature_fs\"><option value=\"\">Wybierz funkcj\u0119:<\/option><option value=\"-- WooCommerce Brands Support\">-- WooCommerce Brands Support<\/option><option value=\"-- Technical safety device (TSE) support (Germany)\">-- Wsparcie technicznego urz\u0105dzenia zabezpieczaj\u0105cego (TSE) (Niemcy)<\/option><option value=\"-- Daily cash float facility\">-- Dzienna p\u0142ynno\u015b\u0107 got\u00f3wkowa<\/option><option value=\"-- Display additional order information\">-- Wy\u015bwietlanie dodatkowych informacji o zam\u00f3wieniu<\/option><option value=\"-- Order popup alert\">-- Wyskakuj\u0105ce powiadomienie o zam\u00f3wieniu<\/option><option value=\"-- Custom Invoices QR codes\">-- Kody QR faktur niestandardowych<\/option><option value=\"-- Customize cart product prices\">-- Dostosuj ceny produkt\u00f3w w koszyku<\/option><option value=\"-- Additional EPSON printer support\">-- Dodatkowa obs\u0142uga drukarki EPSON<\/option><option value=\"-- Product management\">-- Zarz\u0105dzanie produktem<\/option><option value=\"-- Store location management\">-- Zarz\u0105dzanie lokalizacj\u0105 sklepu<\/option><option value=\"-- POS only products\">-- Tylko produkty POS<\/option><option value=\"-- Add products through POS\">-- Dodaj produkty za po\u015brednictwem POS<\/option><option value=\"-- Order level discounts\">-- Rabaty na poziomie zam\u00f3wienia<\/option><option value=\"-- Custom Branding - Logo and colors\">-- Niestandardowy branding - logo i kolory<\/option><option value=\"-- Edit orders\">-- Edytuj zam\u00f3wienia<\/option><option value=\"-- Order status management (in progress, shipped, ready)\">-- Zarz\u0105dzanie statusem zam\u00f3wienia (w trakcie realizacji, wys\u0142ane, gotowe)<\/option><option value=\"-- Order status filter\">-- Filtr statusu zam\u00f3wienia<\/option><option value=\"-- Customer order history\">-- Historia zam\u00f3wie\u0144 klient\u00f3w<\/option><option value=\"-- Authentication via device code\">-- Uwierzytelnianie za pomoc\u0105 kodu urz\u0105dzenia<\/option><option value=\"-- Advanced FooEvents integration (ticket printing, seat selection and booking slots)\">-- Zaawansowana integracja FooEvents (drukowanie bilet\u00f3w, wyb\u00f3r miejsc i rezerwacja slot\u00f3w)<\/option><option value=\"-- Backorder support\">-- Obs\u0142uga zam\u00f3wie\u0144 zaleg\u0142ych<\/option><option value=\"-- Split payments\">-- Podzielone p\u0142atno\u015bci<\/option><option value=\"-- Order Barcodes\">-- Zam\u00f3w kody kreskowe<\/option><option value=\"-- PayPal Here integration\">-- Integracja z PayPal Here<\/option><option value=\"-- Zettle integration\">-- Integracja z Zettle<\/option><option value=\"-- Mollie integration\">-- Integracja Mollie<\/option><option value=\"-- SumUp integration\">-- Integracja z SumUp<\/option><option value=\"-- Barcode printing\">-- Drukowanie kod\u00f3w kreskowych<\/option><option value=\"-- Set App default tax rate\">-- Ustaw domy\u015bln\u0105 stawk\u0119 podatkow\u0105 aplikacji<\/option><option value=\"-- Add custom fields on checkout\">-- Dodaj niestandardowe pola przy realizacji zakupu<\/option><option value=\"-- Add tip\/gratuity on checkout\">-- Dodaj napiwek\/gratyfikacj\u0119 przy kasie<\/option><option value=\"-- Different prices for POS products\">-- R\u00f3\u017cne ceny produkt\u00f3w POS<\/option><option value=\"-- Stock location management\">-- Zarz\u0105dzanie lokalizacj\u0105 zapas\u00f3w<\/option><option value=\"-- Teller user management\">-- Zarz\u0105dzanie u\u017cytkownikami kasjera<\/option><option value=\"-- Self Checkout\">-- Kasa samoobs\u0142ugowa<\/option><option value=\"-- Manage product prices and stock quantities\">-- Zarz\u0105dzanie cenami produkt\u00f3w i ilo\u015bciami zapas\u00f3w<\/option><option value=\"-- AutomateWoo\">-- AutomateWoo<\/option><option value=\"-- WooCommerce Product Vendors\">-- Sprzedawcy produkt\u00f3w WooCommerce<\/option><option value=\"-- WooCommerce Product Add-ons\">-- Dodatki do produkt\u00f3w WooCommerce<\/option><option value=\"-- Support for WooCommerce Product Add-ons on iPad and Android Tablet\">-- Wsparcie dla dodatk\u00f3w do produkt\u00f3w WooCommerce na iPadzie i tablecie z systemem Android<\/option><option value=\"-- WooCommerce Points and Rewards\">-- WooCommerce Punkty i nagrody<\/option><option value=\"-- WooCommerce Subscriptions\">-- Subskrypcje WooCommerce<\/option><option value=\"-- WooCommerce Deposits\">-- Depozyty WooCommerce<\/option><option value=\"-- WooCommerce Store Credit\">-- Kredyt sklepowy WooCommerce<\/option><option value=\"-- WooCommerce Product Bundles\">-- Pakiety produkt\u00f3w WooCommerce<\/option><option value=\"-- WooCommerce Memberships\">-- Cz\u0142onkostwo WooCommerce<\/option><option value=\"-- WooCommerce Bookings\">-- WooCommerce Rezerwacje<\/option><option value=\"-- WooCommerce Points and Rewards\">-- WooCommerce Punkty i nagrody<\/option><option value=\"-- WooCommerce Cost of Goods\">-- WooCommerce Koszt towar\u00f3w<\/option><option value=\"-- WooCommerce Smart Coupons\">-- WooCommerce Smart Coupons<\/option><option value=\"-- WooCommerce PDF Vouchers\">-- Kupony PDF WooCommerce<\/option><option value=\"-- WooCommerce Payments\">-- P\u0142atno\u015bci WooCommerce<\/option><option value=\"-- WooCommerce Gift Cards\">-- Karty podarunkowe WooCommerce<\/option><option value=\"-- Donation For WooCommerce\">-- darowizna dla WooCommerce<\/option><option value=\"-- WCFM Marketplace\">-- WCFM Marketplace<\/option><option value=\"-- WC Marketplace\">-- WC Marketplace<\/option><option value=\"-- Cost of Goods for WooCommerce\">-- Koszt towar\u00f3w dla WooCommerce<\/option><option value=\"-- Discount Rules for WooCommerce\">-- Zasady rabat\u00f3w dla WooCommerce<\/option><option value=\"-- Mailchimp for WooCommerce\">-- Mailchimp dla WooCommerce<\/option><option value=\"-- Dynamic Pricing\">-- Dynamiczne ustalanie cen<\/option><option value=\"-- Checkout field editor\">-- Edytor p\u00f3l kasy<\/option><option value=\"-- Shipment Tracking\">-- \u015aledzenie przesy\u0142ki<\/option><option value=\"-- Booster Pro for WooCommerce\">-- Booster Pro dla WooCommerce<\/option><option value=\"-- Groups Plugin\">-- Wtyczka grup<\/option><option value=\"-- Integrate with Composite Products\">-- Integracja z produktami kompozytowymi<\/option><option value=\"-- Integrate with Xero accounting program\">-- Integracja z programem ksi\u0119gowym Xero<\/option><option value=\"-- Product GTIN (EAN, UPC, ISBN) for WooCommerce\">-- Numer GTIN produktu (EAN, UPC, ISBN) dla WooCommerce<\/option><option value=\"-- Product exchanges\">-- Wymiana produkt\u00f3w<\/option><option value=\"-- Chinese language support\">-- Obs\u0142uga j\u0119zyka chi\u0144skiego<\/option><option value=\"-- Receipt template customization\">-- Dostosowanie szablonu paragonu<\/option><option value=\"-- Guest order email receipt\">-- Potwierdzenie e-mail zam\u00f3wienia go\u015bcia<\/option><option value=\"-- Scan customer store card\">-- Skanowanie karty sklepowej klienta<\/option><option value=\"-- Stripe MOTO payments\">-- P\u0142atno\u015bci MOTO Stripe<\/option><option value=\"-- FooSales iPhone app (iOS)\">-- Aplikacja FooSales na iPhone'a (iOS)<\/option><option value=\"-- FooSales Phone app (Android)\">-- Aplikacja na telefon FooSales (Android)<\/option><option value=\"-- Star Micronics cash drawer integration\">-- Integracja z szuflad\u0105 kasow\u0105 Star Micronics<\/option><option value=\"-- NF525 Compliance\">-- Zgodno\u015b\u0107 z NF525<\/option><\/select><\/span>\n<\/p>\n<p><span class=\"wpcf7-form-control-wrap\" data-name=\"your-consent\"><span class=\"wpcf7-form-control wpcf7-acceptance\"><span class=\"wpcf7-list-item\"><label><input type=\"checkbox\" name=\"your-consent\" value=\"1\" aria-invalid=\"false\" \/><span class=\"wpcf7-list-item-label\">Wyra\u017cam zgod\u0119 na otrzymywanie powiadomie\u0144 o funkcjach i akceptuj\u0119 <a href=\"https:\/\/www.foosales.com\/privacy-statement-us?cmplz_region_redirect=true\" title=\"FooSales O\u015bwiadczenie o ochronie prywatno\u015bci\" target=\"_blank\" rel=\"noopener\">FooSales O\u015bwiadczenie o ochronie prywatno\u015bci<\/a>.<\/span><\/label><\/span><\/span><\/span>\n<\/p>\n<p><input class=\"wpcf7-form-control wpcf7-submit has-spinner\" type=\"submit\" value=\"Prze\u015blij\" \/>\n<\/p><div class=\"wpcf7-response-output\" aria-hidden=\"true\"><\/div>\n<input type=\"hidden\" name=\"trp-form-language\" value=\"pl\"\/><\/form>\n<\/div>\n<\/div> \t\t\t<script>\r\n \t\t\t        var theform = document.querySelector('.void-cf7-0');\r\n\t\t\t\t\t\ttheform.addEventListener( 'wpcf7mailsent', function( event ) {\r\n\t\t\t\t\t    location = 'https:\/\/help.foosales.com\/pl\/contact\/feature-notifications\/';\r\n\t\t\t\t\t}, false );\r\n\t\t\t<\/script>\r\n\r\n\t\t\t\t\t\t<\/div>\n\t\t\t\t<\/div>\n\t\t\t\t<div class=\"elementor-element elementor-element-b5ddd46 elementor-widget elementor-widget-text-editor\" data-id=\"b5ddd46\" data-element_type=\"widget\" data-e-type=\"widget\" data-widget_type=\"text-editor.default\">\n\t\t\t\t<div class=\"elementor-widget-container\">\n\t\t\t\t\t\t\t\t\tU\u017cywamy Brevo jako naszej platformy marketingowej. Przesy\u0142aj\u0105c ten formularz, zgadzasz si\u0119, \u017ce podane przez Ciebie dane osobowe zostan\u0105 przekazane do Brevo w celu przetwarzania zgodnie z nast\u0119puj\u0105cymi zasadami <a href=\"https:\/\/www.brevo.com\/en\/legal\/privacypolicy\/\" target=\"_blank\" rel=\"noopener nofollow\">Polityka prywatno\u015bci Brevo.<\/a>\t\t\t\t\t\t\t\t<\/div>\n\t\t\t\t<\/div>\n\t\t\t\t\t<\/div>\n\t\t<\/div>\n\t\t\t\t<div class=\"elementor-column elementor-col-16 elementor-top-column elementor-element elementor-element-5a2335d9\" data-id=\"5a2335d9\" data-element_type=\"column\" data-e-type=\"column\">\n\t\t\t<div class=\"elementor-widget-wrap\">\n\t\t\t\t\t\t\t<\/div>\n\t\t<\/div>\n\t\t\t\t\t<\/div>\n\t\t<\/section>\n\t\t\t\t<\/div>","protected":false},"excerpt":{"rendered":"<p>Feature Notifications Get notified as soon as we launch features you are interested in. Enter your details and we will send you an email when the feature is available. The features listed below are based on various internal and customer submitted suggestions. Each feature is reviewed and assessed in terms of interest, usefulness, technical feasibility [&hellip;]<\/p>\n","protected":false},"author":1,"featured_media":0,"parent":53342,"menu_order":0,"comment_status":"closed","ping_status":"closed","template":"elementor_header_footer","meta":{"site-sidebar-layout":"no-sidebar","site-content-layout":"page-builder","ast-site-content-layout":"default","site-content-style":"default","site-sidebar-style":"default","ast-global-header-display":"","ast-banner-title-visibility":"","ast-main-header-display":"","ast-hfb-above-header-display":"","ast-hfb-below-header-display":"","ast-hfb-mobile-header-display":"","site-post-title":"disabled","ast-breadcrumbs-content":"","ast-featured-img":"disabled","footer-sml-layout":"","ast-disable-related-posts":"","theme-transparent-header-meta":"default","adv-header-id-meta":"","stick-header-meta":"default","header-above-stick-meta":"","header-main-stick-meta":"","header-below-stick-meta":"","astra-migrate-meta-layouts":"default","ast-page-background-enabled":"default","ast-page-background-meta":{"desktop":{"background-color":"","background-image":"","background-repeat":"repeat","background-position":"center center","background-size":"auto","background-attachment":"scroll","background-type":"","background-media":"","overlay-type":"","overlay-color":"","overlay-opacity":"","overlay-gradient":""},"tablet":{"background-color":"","background-image":"","background-repeat":"repeat","background-position":"center center","background-size":"auto","background-attachment":"scroll","background-type":"","background-media":"","overlay-type":"","overlay-color":"","overlay-opacity":"","overlay-gradient":""},"mobile":{"background-color":"","background-image":"","background-repeat":"repeat","background-position":"center center","background-size":"auto","background-attachment":"scroll","background-type":"","background-media":"","overlay-type":"","overlay-color":"","overlay-opacity":"","overlay-gradient":""}},"ast-content-background-meta":{"desktop":{"background-color":"var(--ast-global-color-5)","background-image":"","background-repeat":"repeat","background-position":"center center","background-size":"auto","background-attachment":"scroll","background-type":"","background-media":"","overlay-type":"","overlay-color":"","overlay-opacity":"","overlay-gradient":""},"tablet":{"background-color":"var(--ast-global-color-5)","background-image":"","background-repeat":"repeat","background-position":"center center","background-size":"auto","background-attachment":"scroll","background-type":"","background-media":"","overlay-type":"","overlay-color":"","overlay-opacity":"","overlay-gradient":""},"mobile":{"background-color":"var(--ast-global-color-5)","background-image":"","background-repeat":"repeat","background-position":"center center","background-size":"auto","background-attachment":"scroll","background-type":"","background-media":"","overlay-type":"","overlay-color":"","overlay-opacity":"","overlay-gradient":""}},"footnotes":""},"class_list":["post-53327","page","type-page","status-publish","hentry"],"featured_image_src":null,"featured_image_src_square":null,"_links":{"self":[{"href":"https:\/\/help.foosales.com\/pl\/wp-json\/wp\/v2\/pages\/53327","targetHints":{"allow":["GET"]}}],"collection":[{"href":"https:\/\/help.foosales.com\/pl\/wp-json\/wp\/v2\/pages"}],"about":[{"href":"https:\/\/help.foosales.com\/pl\/wp-json\/wp\/v2\/types\/page"}],"author":[{"embeddable":true,"href":"https:\/\/help.foosales.com\/pl\/wp-json\/wp\/v2\/users\/1"}],"replies":[{"embeddable":true,"href":"https:\/\/help.foosales.com\/pl\/wp-json\/wp\/v2\/comments?post=53327"}],"version-history":[{"count":1,"href":"https:\/\/help.foosales.com\/pl\/wp-json\/wp\/v2\/pages\/53327\/revisions"}],"predecessor-version":[{"id":55963,"href":"https:\/\/help.foosales.com\/pl\/wp-json\/wp\/v2\/pages\/53327\/revisions\/55963"}],"up":[{"embeddable":true,"href":"https:\/\/help.foosales.com\/pl\/wp-json\/wp\/v2\/pages\/53342"}],"wp:attachment":[{"href":"https:\/\/help.foosales.com\/pl\/wp-json\/wp\/v2\/media?parent=53327"}],"curies":[{"name":"wp","href":"https:\/\/api.w.org\/{rel}","templated":true}]}}