{"id":53327,"date":"2021-01-14T05:51:39","date_gmt":"2021-01-14T12:51:39","guid":{"rendered":"https:\/\/help.foosales.com\/?page_id=53327"},"modified":"2024-12-04T20:41:50","modified_gmt":"2024-12-05T03:41:50","slug":"notificacoes-de-funcionalidades","status":"publish","type":"page","link":"https:\/\/help.foosales.com\/pt\/contact\/feature-notifications\/","title":{"rendered":"Notifica\u00e7\u00f5es de funcionalidades"},"content":{"rendered":"<div data-elementor-type=\"wp-page\" data-elementor-id=\"53327\" class=\"elementor elementor-53327\">\n\t\t\t\t\t\t<section class=\"elementor-section elementor-top-section elementor-element elementor-element-6f2a0db1 elementor-section-boxed elementor-section-height-default elementor-section-height-default\" data-id=\"6f2a0db1\" data-element_type=\"section\" data-e-type=\"section\">\n\t\t\t\t\t\t<div class=\"elementor-container elementor-column-gap-default\">\n\t\t\t\t\t<div class=\"elementor-column elementor-col-16 elementor-top-column elementor-element elementor-element-73bc489a\" data-id=\"73bc489a\" data-element_type=\"column\" data-e-type=\"column\">\n\t\t\t<div class=\"elementor-widget-wrap\">\n\t\t\t\t\t\t\t<\/div>\n\t\t<\/div>\n\t\t\t\t<div class=\"elementor-column elementor-col-66 elementor-top-column elementor-element elementor-element-4e4ab755\" data-id=\"4e4ab755\" data-element_type=\"column\" data-e-type=\"column\">\n\t\t\t<div class=\"elementor-widget-wrap elementor-element-populated\">\n\t\t\t\t\t\t<div class=\"elementor-element elementor-element-475cfe87 elementor-widget elementor-widget-heading\" data-id=\"475cfe87\" data-element_type=\"widget\" data-e-type=\"widget\" data-widget_type=\"heading.default\">\n\t\t\t\t<div class=\"elementor-widget-container\">\n\t\t\t\t\t<h2 class=\"elementor-heading-title elementor-size-xxl\">Notifica\u00e7\u00f5es de funcionalidades<\/h2>\t\t\t\t<\/div>\n\t\t\t\t<\/div>\n\t\t\t\t<div class=\"elementor-element elementor-element-1bba5e34 elementor-widget elementor-widget-heading\" data-id=\"1bba5e34\" data-element_type=\"widget\" data-e-type=\"widget\" data-widget_type=\"heading.default\">\n\t\t\t\t<div class=\"elementor-widget-container\">\n\t\t\t\t\t<h3 class=\"elementor-heading-title elementor-size-default\">Receba notifica\u00e7\u00f5es assim que lan\u00e7armos funcionalidades que lhe interessam. Introduza os seus dados e enviar-lhe-emos um e-mail quando a funcionalidade estiver dispon\u00edvel.<\/h3>\t\t\t\t<\/div>\n\t\t\t\t<\/div>\n\t\t\t\t<div class=\"elementor-element elementor-element-4fc8fbd elementor-widget elementor-widget-text-editor\" data-id=\"4fc8fbd\" data-element_type=\"widget\" data-e-type=\"widget\" data-widget_type=\"text-editor.default\">\n\t\t\t\t<div class=\"elementor-widget-container\">\n\t\t\t\t\t\t\t\t\t<p><span style=\"font-size: 15px; font-style: normal; font-weight: 400;\">As funcionalidades abaixo indicadas baseiam-se em v\u00e1rias sugest\u00f5es internas e de clientes. Cada funcionalidade \u00e9 revista e avaliada em termos de interesse, utilidade, viabilidade t\u00e9cnica e recursos dispon\u00edveis. Dependendo deste processo cont\u00ednuo de revis\u00e3o de carater\u00edsticas, n\u00e3o \u00e9 garantido que todas as carater\u00edsticas sejam implementadas.<\/span><\/p>\t\t\t\t\t\t\t\t<\/div>\n\t\t\t\t<\/div>\n\t\t\t\t<div class=\"elementor-element elementor-element-66941b39 elementor-widget elementor-widget-void-section-cf7\" data-id=\"66941b39\" data-element_type=\"widget\" data-e-type=\"widget\" data-widget_type=\"void-section-cf7.default\">\n\t\t\t\t<div class=\"elementor-widget-container\">\n\t\t\t\t\t<div class=\"void-cf7-form-widget-wrapper elementor-shortcode void-cf7-0\" data-void-cf7-contact-form-id=\"22866\">\n<div class=\"wpcf7 no-js\" id=\"wpcf7-f22866-o1\" lang=\"en-US\" dir=\"ltr\" data-wpcf7-id=\"22866\">\n<div class=\"screen-reader-response\"><p role=\"status\" aria-live=\"polite\" aria-atomic=\"true\"><\/p> <ul><\/ul><\/div>\n<form action=\"\/pt\/wp-json\/wp\/v2\/pages\/53327#wpcf7-f22866-o1\" method=\"post\" class=\"wpcf7-form init\" aria-label=\"Formul\u00e1rio de contacto\" novalidate=\"novalidate\" data-status=\"init\" data-trp-original-action=\"\/pt\/wp-json\/wp\/v2\/pages\/53327#wpcf7-f22866-o1\">\n<fieldset class=\"hidden-fields-container\"><input type=\"hidden\" name=\"_wpcf7\" value=\"22866\" \/><input type=\"hidden\" name=\"_wpcf7_version\" value=\"6.1.5\" \/><input type=\"hidden\" name=\"_wpcf7_locale\" value=\"en_US\" \/><input type=\"hidden\" name=\"_wpcf7_unit_tag\" value=\"wpcf7-f22866-o1\" \/><input type=\"hidden\" name=\"_wpcf7_container_post\" value=\"0\" \/><input type=\"hidden\" name=\"_wpcf7_posted_data_hash\" value=\"\" \/>\n<\/fieldset>\n<p><span class=\"wpcf7-form-control-wrap\" data-name=\"your-name\"><input size=\"40\" maxlength=\"400\" class=\"wpcf7-form-control wpcf7-text wpcf7-validates-as-required\" aria-required=\"true\" aria-invalid=\"false\" placeholder=\"Nome completo *\" value=\"\" type=\"text\" name=\"your-name\" \/><\/span>\n<\/p>\n<p><span class=\"wpcf7-form-control-wrap\" data-name=\"your-email\"><input size=\"40\" maxlength=\"400\" class=\"wpcf7-form-control wpcf7-email wpcf7-validates-as-required wpcf7-text wpcf7-validates-as-email\" aria-required=\"true\" aria-invalid=\"false\" placeholder=\"Endere\u00e7o de correio eletr\u00f3nico *\" value=\"\" type=\"email\" name=\"your-email\" \/><\/span>\n<\/p>\n<p><span class=\"wpcf7-form-control-wrap\" data-name=\"feature_fs\"><select class=\"wpcf7-form-control wpcf7-select\" aria-invalid=\"false\" name=\"feature_fs\"><option value=\"\">Seleccione uma carater\u00edstica:<\/option><option value=\"-- WooCommerce Brands Support\">-- Suporte de marcas WooCommerce<\/option><option value=\"-- Technical safety device (TSE) support (Germany)\">-- Apoio ao dispositivo t\u00e9cnico de seguran\u00e7a (TSE) (Alemanha)<\/option><option value=\"-- Daily cash float facility\">-- Facilidade de caixa di\u00e1ria<\/option><option value=\"-- Display additional order information\">-- Mostrar informa\u00e7\u00f5es adicionais sobre a encomenda<\/option><option value=\"-- Order popup alert\">-- Alerta pop-up de encomenda<\/option><option value=\"-- Custom Invoices QR codes\">-- C\u00f3digos QR de facturas personalizadas<\/option><option value=\"-- Customize cart product prices\">-- Personalizar os pre\u00e7os dos produtos do carrinho<\/option><option value=\"-- Additional EPSON printer support\">-- Suporte adicional para impressora EPSON<\/option><option value=\"-- Product management\">-- Gest\u00e3o de produtos<\/option><option value=\"-- Store location management\">-- Gest\u00e3o da localiza\u00e7\u00e3o da loja<\/option><option value=\"-- POS only products\">-- Produtos apenas POS<\/option><option value=\"-- Add products through POS\">-- Adicionar produtos atrav\u00e9s de POS<\/option><option value=\"-- Order level discounts\">-- Descontos por n\u00edvel de encomenda<\/option><option value=\"-- Custom Branding - Logo and colors\">-- Marca personalizada - log\u00f3tipo e cores<\/option><option value=\"-- Edit orders\">-- Editar ordens<\/option><option value=\"-- Order status management (in progress, shipped, ready)\">Gest\u00e3o do estado das encomendas (em curso, expedidas, prontas)<\/option><option value=\"-- Order status filter\">-- Filtro de estado da encomenda<\/option><option value=\"-- Customer order history\">-- Hist\u00f3rico de encomendas do cliente<\/option><option value=\"-- Authentication via device code\">-- Autentica\u00e7\u00e3o atrav\u00e9s do c\u00f3digo do dispositivo<\/option><option value=\"-- Advanced FooEvents integration (ticket printing, seat selection and booking slots)\">Integra\u00e7\u00e3o avan\u00e7ada FooEvents (impress\u00e3o de bilhetes, sele\u00e7\u00e3o de lugares e reserva de faixas hor\u00e1rias)<\/option><option value=\"-- Backorder support\">-- Suporte a encomendas em atraso<\/option><option value=\"-- Split payments\">-- Dividir os pagamentos<\/option><option value=\"-- Order Barcodes\">-- C\u00f3digos de barras para encomendas<\/option><option value=\"-- PayPal Here integration\">-- Integra\u00e7\u00e3o PayPal Aqui<\/option><option value=\"-- Zettle integration\">-- Integra\u00e7\u00e3o com o Zettle<\/option><option value=\"-- Mollie integration\">-- Integra\u00e7\u00e3o Mollie<\/option><option value=\"-- SumUp integration\">-- Integra\u00e7\u00e3o SumUp<\/option><option value=\"-- Barcode printing\">-- Impress\u00e3o de c\u00f3digos de barras<\/option><option value=\"-- Set App default tax rate\">-- Definir a taxa de imposto predefinida da aplica\u00e7\u00e3o<\/option><option value=\"-- Add custom fields on checkout\">-- Adicionar campos personalizados no checkout<\/option><option value=\"-- Add tip\/gratuity on checkout\">-- Adicionar gorjeta\/gratuidade no checkout<\/option><option value=\"-- Different prices for POS products\">-- Pre\u00e7os diferentes para produtos POS<\/option><option value=\"-- Stock location management\">-- Gest\u00e3o da localiza\u00e7\u00e3o das exist\u00eancias<\/option><option value=\"-- Teller user management\">-- Gest\u00e3o de utilizadores de caixas<\/option><option value=\"-- Self Checkout\">-- Auto-Checkout<\/option><option value=\"-- Manage product prices and stock quantities\">-- Gerir os pre\u00e7os dos produtos e as quantidades em stock<\/option><option value=\"-- AutomateWoo\">-- AutomateWoo<\/option><option value=\"-- WooCommerce Product Vendors\">-- Fornecedores de produtos WooCommerce<\/option><option value=\"-- WooCommerce Product Add-ons\">-- WooCommerce Complementos de produtos<\/option><option value=\"-- Support for WooCommerce Product Add-ons on iPad and Android Tablet\">-- Suporte para complementos de produtos WooCommerce no iPad e no tablet Android<\/option><option value=\"-- WooCommerce Points and Rewards\">-- Pontos e pr\u00e9mios WooCommerce<\/option><option value=\"-- WooCommerce Subscriptions\">-- WooCommerce Assinaturas<\/option><option value=\"-- WooCommerce Deposits\">-- WooCommerce Dep\u00f3sitos<\/option><option value=\"-- WooCommerce Store Credit\">-- Cr\u00e9dito de loja WooCommerce<\/option><option value=\"-- WooCommerce Product Bundles\">-- Pacotes de produtos WooCommerce<\/option><option value=\"-- WooCommerce Memberships\">-- WooCommerce Associa\u00e7\u00f5es<\/option><option value=\"-- WooCommerce Bookings\">-- WooCommerce Reservas<\/option><option value=\"-- WooCommerce Points and Rewards\">-- Pontos e pr\u00e9mios WooCommerce<\/option><option value=\"-- WooCommerce Cost of Goods\">-- WooCommerce Custo das mercadorias<\/option><option value=\"-- WooCommerce Smart Coupons\">-- WooCommerce Cup\u00f5es inteligentes<\/option><option value=\"-- WooCommerce PDF Vouchers\">-- WooCommerce PDF Vouchers<\/option><option value=\"-- WooCommerce Payments\">-- Pagamentos WooCommerce<\/option><option value=\"-- WooCommerce Gift Cards\">-- Cart\u00f5es de oferta WooCommerce<\/option><option value=\"-- Donation For WooCommerce\">-- Doa\u00e7\u00e3o para WooCommerce<\/option><option value=\"-- WCFM Marketplace\">-- Mercado WCFM<\/option><option value=\"-- WC Marketplace\">-- Mercado WC<\/option><option value=\"-- Cost of Goods for WooCommerce\">-- Custo de mercadorias para WooCommerce<\/option><option value=\"-- Discount Rules for WooCommerce\">-- Regras de desconto para WooCommerce<\/option><option value=\"-- Mailchimp for WooCommerce\">-- Mailchimp para WooCommerce<\/option><option value=\"-- Dynamic Pricing\">-- Pre\u00e7os din\u00e2micos<\/option><option value=\"-- Checkout field editor\">-- Editor do campo de checkout<\/option><option value=\"-- Shipment Tracking\">-- Rastreio de envios<\/option><option value=\"-- Booster Pro for WooCommerce\">-- Booster Pro para WooCommerce<\/option><option value=\"-- Groups Plugin\">-- Plugin de grupos<\/option><option value=\"-- Integrate with Composite Products\">-- Integra\u00e7\u00e3o com produtos compostos<\/option><option value=\"-- Integrate with Xero accounting program\">-- Integrar com o programa de contabilidade Xero<\/option><option value=\"-- Product GTIN (EAN, UPC, ISBN) for WooCommerce\">-- GTIN do produto (EAN, UPC, ISBN) para WooCommerce<\/option><option value=\"-- Product exchanges\">-- Trocas de produtos<\/option><option value=\"-- Chinese language support\">-- Suporte ao idioma chin\u00eas<\/option><option value=\"-- Receipt template customization\">-- Personaliza\u00e7\u00e3o do modelo de recibo<\/option><option value=\"-- Guest order email receipt\">-- Recibo de correio eletr\u00f3nico da encomenda do h\u00f3spede<\/option><option value=\"-- Scan customer store card\">-- Digitalizar o cart\u00e3o de cliente da loja<\/option><option value=\"-- Stripe MOTO payments\">-- Pagamentos Stripe MOTO<\/option><option value=\"-- FooSales iPhone app (iOS)\">-- FooSales iPhone app (iOS)<\/option><option value=\"-- FooSales Phone app (Android)\">-- FooSales Aplica\u00e7\u00e3o para telem\u00f3vel (Android)<\/option><option value=\"-- Star Micronics cash drawer integration\">-- Integra\u00e7\u00e3o da gaveta de dinheiro Micronics Star<\/option><option value=\"-- NF525 Compliance\">-- Conformidade com a NF525<\/option><\/select><\/span>\n<\/p>\n<p><span class=\"wpcf7-form-control-wrap\" data-name=\"your-consent\"><span class=\"wpcf7-form-control wpcf7-acceptance\"><span class=\"wpcf7-list-item\"><label><input type=\"checkbox\" name=\"your-consent\" value=\"1\" aria-invalid=\"false\" \/><span class=\"wpcf7-list-item-label\">Concordo em receber notifica\u00e7\u00f5es de funcionalidades e aceito os <a href=\"https:\/\/www.foosales.com\/privacy-statement-us?cmplz_region_redirect=true\" title=\"Declara\u00e7\u00e3o de privacidade do FooSales\" target=\"_blank\" rel=\"noopener\">Declara\u00e7\u00e3o de privacidade do FooSales<\/a>.<\/span><\/label><\/span><\/span><\/span>\n<\/p>\n<p><input class=\"wpcf7-form-control wpcf7-submit has-spinner\" type=\"submit\" value=\"Enviar\" \/>\n<\/p><div class=\"wpcf7-response-output\" aria-hidden=\"true\"><\/div>\n<input type=\"hidden\" name=\"trp-form-language\" value=\"pt\"\/><\/form>\n<\/div>\n<\/div> \t\t\t<script>\r\n \t\t\t        var theform = document.querySelector('.void-cf7-0');\r\n\t\t\t\t\t\ttheform.addEventListener( 'wpcf7mailsent', function( event ) {\r\n\t\t\t\t\t    location = 'https:\/\/help.foosales.com\/pt\/contact\/feature-notifications\/';\r\n\t\t\t\t\t}, false );\r\n\t\t\t<\/script>\r\n\r\n\t\t\t\t\t\t<\/div>\n\t\t\t\t<\/div>\n\t\t\t\t<div class=\"elementor-element elementor-element-b5ddd46 elementor-widget elementor-widget-text-editor\" data-id=\"b5ddd46\" data-element_type=\"widget\" data-e-type=\"widget\" data-widget_type=\"text-editor.default\">\n\t\t\t\t<div class=\"elementor-widget-container\">\n\t\t\t\t\t\t\t\t\tUtilizamos a Brevo como plataforma de marketing. Ao enviar este formul\u00e1rio, o utilizador aceita que os dados pessoais que forneceu sejam transferidos para a Brevo para serem processados de acordo com <a href=\"https:\/\/www.brevo.com\/en\/legal\/privacypolicy\/\" target=\"_blank\" rel=\"noopener nofollow\">Pol\u00edtica de privacidade do Brevo.<\/a>\t\t\t\t\t\t\t\t<\/div>\n\t\t\t\t<\/div>\n\t\t\t\t\t<\/div>\n\t\t<\/div>\n\t\t\t\t<div class=\"elementor-column elementor-col-16 elementor-top-column elementor-element elementor-element-5a2335d9\" data-id=\"5a2335d9\" data-element_type=\"column\" data-e-type=\"column\">\n\t\t\t<div class=\"elementor-widget-wrap\">\n\t\t\t\t\t\t\t<\/div>\n\t\t<\/div>\n\t\t\t\t\t<\/div>\n\t\t<\/section>\n\t\t\t\t<\/div>","protected":false},"excerpt":{"rendered":"<p>Feature Notifications Get notified as soon as we launch features you are interested in. Enter your details and we will send you an email when the feature is available. The features listed below are based on various internal and customer submitted suggestions. Each feature is reviewed and assessed in terms of interest, usefulness, technical feasibility [&hellip;]<\/p>\n","protected":false},"author":1,"featured_media":0,"parent":53342,"menu_order":0,"comment_status":"closed","ping_status":"closed","template":"elementor_header_footer","meta":{"site-sidebar-layout":"no-sidebar","site-content-layout":"page-builder","ast-site-content-layout":"default","site-content-style":"default","site-sidebar-style":"default","ast-global-header-display":"","ast-banner-title-visibility":"","ast-main-header-display":"","ast-hfb-above-header-display":"","ast-hfb-below-header-display":"","ast-hfb-mobile-header-display":"","site-post-title":"disabled","ast-breadcrumbs-content":"","ast-featured-img":"disabled","footer-sml-layout":"","ast-disable-related-posts":"","theme-transparent-header-meta":"default","adv-header-id-meta":"","stick-header-meta":"default","header-above-stick-meta":"","header-main-stick-meta":"","header-below-stick-meta":"","astra-migrate-meta-layouts":"default","ast-page-background-enabled":"default","ast-page-background-meta":{"desktop":{"background-color":"","background-image":"","background-repeat":"repeat","background-position":"center center","background-size":"auto","background-attachment":"scroll","background-type":"","background-media":"","overlay-type":"","overlay-color":"","overlay-opacity":"","overlay-gradient":""},"tablet":{"background-color":"","background-image":"","background-repeat":"repeat","background-position":"center center","background-size":"auto","background-attachment":"scroll","background-type":"","background-media":"","overlay-type":"","overlay-color":"","overlay-opacity":"","overlay-gradient":""},"mobile":{"background-color":"","background-image":"","background-repeat":"repeat","background-position":"center center","background-size":"auto","background-attachment":"scroll","background-type":"","background-media":"","overlay-type":"","overlay-color":"","overlay-opacity":"","overlay-gradient":""}},"ast-content-background-meta":{"desktop":{"background-color":"var(--ast-global-color-5)","background-image":"","background-repeat":"repeat","background-position":"center center","background-size":"auto","background-attachment":"scroll","background-type":"","background-media":"","overlay-type":"","overlay-color":"","overlay-opacity":"","overlay-gradient":""},"tablet":{"background-color":"var(--ast-global-color-5)","background-image":"","background-repeat":"repeat","background-position":"center center","background-size":"auto","background-attachment":"scroll","background-type":"","background-media":"","overlay-type":"","overlay-color":"","overlay-opacity":"","overlay-gradient":""},"mobile":{"background-color":"var(--ast-global-color-5)","background-image":"","background-repeat":"repeat","background-position":"center center","background-size":"auto","background-attachment":"scroll","background-type":"","background-media":"","overlay-type":"","overlay-color":"","overlay-opacity":"","overlay-gradient":""}},"footnotes":""},"class_list":["post-53327","page","type-page","status-publish","hentry"],"featured_image_src":null,"featured_image_src_square":null,"_links":{"self":[{"href":"https:\/\/help.foosales.com\/pt\/wp-json\/wp\/v2\/pages\/53327","targetHints":{"allow":["GET"]}}],"collection":[{"href":"https:\/\/help.foosales.com\/pt\/wp-json\/wp\/v2\/pages"}],"about":[{"href":"https:\/\/help.foosales.com\/pt\/wp-json\/wp\/v2\/types\/page"}],"author":[{"embeddable":true,"href":"https:\/\/help.foosales.com\/pt\/wp-json\/wp\/v2\/users\/1"}],"replies":[{"embeddable":true,"href":"https:\/\/help.foosales.com\/pt\/wp-json\/wp\/v2\/comments?post=53327"}],"version-history":[{"count":1,"href":"https:\/\/help.foosales.com\/pt\/wp-json\/wp\/v2\/pages\/53327\/revisions"}],"predecessor-version":[{"id":55963,"href":"https:\/\/help.foosales.com\/pt\/wp-json\/wp\/v2\/pages\/53327\/revisions\/55963"}],"up":[{"embeddable":true,"href":"https:\/\/help.foosales.com\/pt\/wp-json\/wp\/v2\/pages\/53342"}],"wp:attachment":[{"href":"https:\/\/help.foosales.com\/pt\/wp-json\/wp\/v2\/media?parent=53327"}],"curies":[{"name":"wp","href":"https:\/\/api.w.org\/{rel}","templated":true}]}}